{"id":511,"date":"2017-12-14T05:22:39","date_gmt":"2017-12-13T22:22:39","guid":{"rendered":"http:\/\/atlantel.com.kh\/?post_type=product&#038;p=511"},"modified":"2019-07-09T22:51:09","modified_gmt":"2019-07-09T15:51:09","slug":"day-nhay-quang-cac-loai-2","status":"publish","type":"product","link":"https:\/\/atlantel.com.kh\/?product=day-nhay-quang-cac-loai-2","title":{"rendered":"Patch cord LC-SC-FC"},"content":{"rendered":"<p>&nbsp;<\/p>\n<p style=\"font-weight: 400;\">\n<p>LC-FC Simplex 9\/125 Single-mode Fiber Patch Cable<\/p>\n<p style=\"font-weight: 400;\">Fiber Patch Cables also known as fiber jumpers or fiber patch cords.Fiber optic patch cable is one of most commonly used components in fiber optic network.<br \/>\nThe Definition of &#8216;mode&#8217; as in multimode refers to the transmitting mode of the fiber optic light in the fiber optic cable core.<br \/>\nSinglemode fiber optic patch cables send one light signal at a time, and can be used for longer runs than multimode because they have more resistance to attenuation.<br \/>\nThe core of a single mode fiber optic cable is 9\/125\u03bc (micron).<br \/>\nSingle mode fiber optic patch cables can support gigabit ethernet applications for up to 10 kilometers.<\/p>\n<p style=\"font-weight: 400;\">Key Features<\/p>\n<p style=\"font-weight: 400;\">LC-FC ConnectorsSinglemode Simplex fiber optic cableMicron: 9\/125umComplete with Lucent Technologies aqua jacketBandwidth transmitting rates up to 10 gigabitsAll of our fiber optic patch cables feature the high degree connectors100% optically tested to ensure high performanceColor: Yellow<\/p>\n<p><b>Specification<\/b><\/p>\n<table width=\"600\">\n<tbody>\n<tr>\n<td width=\"185\">Range of Mode<\/td>\n<td>Single or Multimode<\/td>\n<\/tr>\n<tr>\n<td width=\"185\">Cable Type<\/td>\n<td>Simplex or Duplex Zipcord<\/td>\n<\/tr>\n<tr>\n<td width=\"185\">Connector Style<\/td>\n<td>SC, FC, ST, LC, MTRJ, E2000<\/td>\n<\/tr>\n<tr>\n<td width=\"185\">Polish or Ferrule Interface Type<\/td>\n<td>PC, UPC, APC<\/td>\n<\/tr>\n<tr>\n<td width=\"185\">Cable Diameter<\/td>\n<td>0.9mm, 1.6mm, 2.0mm, 3.0mm<\/td>\n<\/tr>\n<tr>\n<td width=\"185\">Lengths<\/td>\n<td>Standard &amp; Custom Lengths<\/td>\n<\/tr>\n<tr>\n<td width=\"185\">Strength Member<\/td>\n<td>Aramid Yarn<\/td>\n<\/tr>\n<tr>\n<td width=\"185\">Outer Jacket<\/td>\n<td>PVC or LSZH<\/td>\n<\/tr>\n<tr>\n<td width=\"185\">Cable Assembly Length (&lt;15 meter Tolerance)<\/td>\n<td>-0\/+100mm<\/td>\n<\/tr>\n<tr>\n<td width=\"185\">Cable Assembly Length (&gt;15 meter Tolerance)<\/td>\n<td>-0\/+10%<\/td>\n<\/tr>\n<tr>\n<td width=\"185\">Jacket Colour (Multimode: OM1 &amp; OM2)<\/td>\n<td>Orange<\/td>\n<\/tr>\n<tr>\n<td width=\"185\">Jacket Colour (Multimode: OM3 &amp; OM4)<\/td>\n<td>Aqua<\/td>\n<\/tr>\n<tr>\n<td width=\"185\">Jacket Colour (Single Mode: OS1 &amp; OS2)<\/td>\n<td>Yellow<\/td>\n<\/tr>\n<tr>\n<td width=\"185\">Durability<\/td>\n<td>500 cycles(0.2 dB max increase), 1000mate\/demate cycles<\/td>\n<\/tr>\n<tr>\n<td width=\"185\">Operating Temp.<\/td>\n<td>-20 \u02daC to +70\u02daC\/+85\u02dac (armoured)<\/td>\n<\/tr>\n<tr>\n<td width=\"185\">Storage Temp.<\/td>\n<td>-40 \u02daC to +85\u02daC<\/td>\n<\/tr>\n<tr>\n<td width=\"185\">Ferrule Concentricity<\/td>\n<td>&lt; 1\u00b5m, Other Ferrule Concentricity &lt; 1\u00b5m<\/td>\n<\/tr>\n<tr>\n<td width=\"185\">Humidity (FOTP-5)<\/td>\n<td>90-95% at 40\u00b0C<\/td>\n<\/tr>\n<tr>\n<td width=\"185\">Strength of Coupling Mechanism (FOTP-185)<\/td>\n<td>33 N at 0\u00b0 for 5 sec<\/td>\n<\/tr>\n<tr>\n<td width=\"185\">Cable Retention (FOTP-6)<\/td>\n<td>50 N at 0\u00b0 for 5 sec.<\/td>\n<\/tr>\n<tr>\n<td width=\"185\">Twist (FOTP-36)<\/td>\n<td>15 N at 0\u00b0 5 turns, 10 cycles<\/td>\n<\/tr>\n<tr>\n<td width=\"185\">Flex (FOTP-1)<\/td>\n<td>0.5 Kg at 25 cm, +90\u00b0 to -90\u00b0, 100 cycles<\/td>\n<\/tr>\n<\/tbody>\n<\/table>\n<table width=\"599\">\n<tbody>\n<tr>\n<td width=\"185\">Max.Insertion Loss<\/td>\n<td width=\"102\">\u22640.3dB<\/td>\n<td colspan=\"2\" width=\"240\">\u22640.2dB<\/td>\n<td width=\"71\">\u22640.3dB To<\/td>\n<\/tr>\n<tr>\n<td width=\"185\">Typ.Insertion Loss<\/td>\n<td width=\"102\">\u22640.2dB<\/td>\n<td colspan=\"2\" width=\"240\">PC\u226545dB UPC\u226555dB APC\u226560dB<\/td>\n<td width=\"71\">\u226535dB<\/td>\n<\/tr>\n<tr>\n<td width=\"185\">Cable retention (900um)<\/td>\n<td width=\"102\">2 Ibs<\/td>\n<td colspan=\"2\" width=\"240\">2 Ibs<\/td>\n<td width=\"71\">2 Ibs<\/td>\n<\/tr>\n<tr>\n<td width=\"185\">Matung Durability (1000cycles)<\/td>\n<td width=\"102\">&lt;0.2dB<\/td>\n<td colspan=\"2\" width=\"240\">&lt;0.2dB<\/td>\n<td width=\"71\">&lt;0.2dB<\/td>\n<\/tr>\n<tr>\n<td width=\"185\">Ferrule Material<\/td>\n<td width=\"102\">Ceramic<\/td>\n<td colspan=\"2\" width=\"240\">Ceramic<\/td>\n<td width=\"71\">Ceramic<\/td>\n<\/tr>\n<tr>\n<td width=\"185\">Housing Material<\/td>\n<td width=\"102\">Composite<\/td>\n<td colspan=\"2\" width=\"240\">Composite<\/td>\n<td width=\"71\">Composite<\/td>\n<\/tr>\n<tr>\n<td width=\"185\">Operating Temperature (oC)<\/td>\n<td width=\"102\">-40oC to +80oC<\/td>\n<td>-40oC to +80oC<\/td>\n<td width=\"139\">-40oC to +80oC<\/td>\n<td width=\"71\">-40oC to +80oC<\/td>\n<\/tr>\n<tr>\n<td width=\"185\"><\/td>\n<td width=\"102\"><\/td>\n<td width=\"96\"><\/td>\n<td width=\"139\"><\/td>\n<td width=\"76\"><\/td>\n<\/tr>\n<\/tbody>\n<\/table>\n<p>&nbsp;<\/p>","protected":false},"excerpt":{"rendered":"<p><b>D\u00e2y nh\u1ea3y quang SingleMode LC\/UPC-FC\/UPC, PATCHCORD\u00a0LC\/UPC-FC\/UPC.<\/b><\/p>\n<p style=\"font-weight: 400;\">D\u00e2y nh\u1ea3y quang LC\/UPC to FC\/UPC PATCHCORD Single-mode l\u00e0 s\u1ea3n ph\u1ea9m \u0111\u01b0\u1ee3c s\u1eed d\u1ee5ng trong h\u1ec7 th\u1ed1ng truy\u1ec1n d\u1eabn truy\u1ec1n h\u00ecnh c\u00e1p. S\u1ea3n ph\u1ea9m l\u00e0 n\u01a1i ti\u1ebfp n\u1ed1i gi\u1eefa h\u1ed9p n\u1ed1i v\u00e0 thi\u1ebft b\u1ecb, v\u1edbi \u0111\u1eb7c tr\u01b0ng UPC thi\u1ebft b\u1ecb s\u1ebd t\u0103ng \u0111\u1ed9 suy hao c\u1ea7n thi\u1ebft ti\u1ebfp c\u1eadn kho\u1ea3ng nh\u1ea1y, \u0111\u1eb7c tr\u01b0ng c\u1ee7a c\u00f4ng nghi\u1ec7p truy\u1ec1n h\u00ecnh.<\/p>\n<p>Ngo\u00e0i ra ch\u00fang t\u00f4i c\u00f3 nhi\u1ec1u lo\u1ea1i d\u00e2y nh\u1ea3y quang kh\u00e1c, b\u00e1o gi\u00e1 c\u1ee5 th\u1ec3 khi kh\u00e1ch h\u00e0ng c\u00f3 y\u00eau c\u1ea7u.<\/p>\n","protected":false},"featured_media":512,"comment_status":"open","ping_status":"closed","template":"","meta":{"_mi_skip_tracking":false,"_exactmetrics_sitenote_active":false,"_exactmetrics_sitenote_note":"","_exactmetrics_sitenote_category":0},"_links":{"self":[{"href":"https:\/\/atlantel.com.kh\/index.php?rest_route=\/wp\/v2\/product\/511"}],"collection":[{"href":"https:\/\/atlantel.com.kh\/index.php?rest_route=\/wp\/v2\/product"}],"about":[{"href":"https:\/\/atlantel.com.kh\/index.php?rest_route=\/wp\/v2\/types\/product"}],"replies":[{"embeddable":true,"href":"https:\/\/atlantel.com.kh\/index.php?rest_route=%2Fwp%2Fv2%2Fcomments&post=511"}],"wp:featuredmedia":[{"embeddable":true,"href":"https:\/\/atlantel.com.kh\/index.php?rest_route=\/wp\/v2\/media\/512"}],"wp:attachment":[{"href":"https:\/\/atlantel.com.kh\/index.php?rest_route=%2Fwp%2Fv2%2Fmedia&parent=511"}],"curies":[{"name":"wp","href":"https:\/\/api.w.org\/{rel}","templated":true}]}}