{"id":501,"date":"2017-12-13T19:09:13","date_gmt":"2017-12-13T12:09:13","guid":{"rendered":"http:\/\/atlantel.com.kh\/?post_type=product&#038;p=501"},"modified":"2019-05-31T13:13:37","modified_gmt":"2019-05-31T06:13:37","slug":"openwrt-wifi-router-zbt-we3526","status":"publish","type":"product","link":"https:\/\/atlantel.com.kh\/?product=openwrt-wifi-router-zbt-we3526","title":{"rendered":"OpenWRT wifi router ZBT-WE3526"},"content":{"rendered":"<p>OpenWRT wifi router ZBT-WE3526 \u0111\u01b0\u1ee3c trang b\u1ecb :<\/p>\n<ul>\n<li>B\u1ed9 vi x\u1eed l\u00fd\u00a0MT7621A\u00a0\u00a0<strong>dual-core 880Mhz<\/strong>\u00a0c\u1ee7a\u00a0mediatek v\u1edbi b\u1ed9 nh\u1edb RAM l\u00ean \u0111\u1ebfn 512MB s\u1ebd \u0111\u1ea3m b\u1ea3o hi\u1ec7u su\u1ea5t ho\u1ea1t \u0111\u1ed9ng \u1ed5n \u0111\u1ecbnh\u00a0kh\u00f4ng b\u1ecb gi\u00e1n \u0111o\u1ea1n khi x\u1eed l\u00fd \u0111\u1ed3ng th\u1eddi nhi\u1ec1u nhi\u1ec7m v\u1ee5 Wi-Fi\u00a0ho\u1eb7c c\u00f3 d\u00e2y<\/li>\n<li>T\u00edch h\u1ee3p chu\u1ea9n WiFi t\u1ed1c \u0111\u1ed9 cao m\u1edbi nh\u1ea5t hi\u1ec7n nay c\u00f9ng v\u1edbi kh\u1ea3 n\u0103ng ph\u00e1t wifi dual band ho\u1ea1t \u0111\u1ed9ng tr\u00ean hai b\u0103ng t\u1ea7n m\u1ed9t 2.4GHz chu\u1ea9n N t\u1ed1c \u0111\u1ed9 300Mps v\u00e0 m\u1ed9t 5GHz chu\u1ea9n AC t\u1ed1c \u0111\u1ed9 cao 900Mps. V\u1edbi kh\u1ea3 n\u0103ng ch\u1ea1y wifi dual band thi\u1ebft b\u1ecb cho kh\u1ea3 n\u0103ng ph\u00e1t s\u00f3ng \u1ed5n \u0111\u1ecbnh \u0111\u1eb7c bi\u1ec7t b\u0103ng t\u1ea7n 5GHz cho \u0111\u01b0\u1eddng truy\u1ec1n m\u1ea1nh \u1ed5n \u0111\u1ecbnh t\u1ea1i nh\u1eefng khu v\u1ef1c c\u00f3 t\u1eeb tr\u01b0\u1eddng cao trong nh\u00e0 b\u1ea1n nh\u01b0 l\u00f2 vi s\u00f3ng, t\u1ee7 l\u1ea1nh\u2026C\u00f2n b\u0103ng t\u1ea7n 2.4GHz ph\u00e1t s\u00f3ng wifi xa nh\u1ea5t t\u01b0\u01a1ng th\u00edch v\u1edbi h\u1ea7u h\u1ebft c\u00e1c thi\u1ebft b\u1ecb h\u1ed7 tr\u1ee3 wifi hi\u1ec7n nay.<\/li>\n<li>V\u1ec1 ngo\u1ea1i h\u00ecnh th\u00ec ZBT-WE3526 c\u00f3 thi\u1ebft k\u1ebf r\u1ea5t ch\u1eafc ch\u1eafn v\u1edbi 4 Anten c\u1ed1 \u0111\u1ecbnh c\u00f3 \u0111\u1ed9 l\u1ee3i 5dBi\u00a0cho \u0111\u1ed9\u00a0<strong>ph\u1ee7 s\u00f3ng si\u00eau r\u1ed9ng<\/strong>\u00a0\u00a0v\u00e0 ph\u00e1t s\u00f3ng m\u1ea1nh nh\u1ea5t so v\u1edbi c\u00e1c d\u00f2ng s\u1ea3n ph\u1ea9m c\u00f9ng t\u1ea7m gi\u00e1 tr\u00ean th\u1ecb tr\u01b0\u1eddng.<\/li>\n<li>4 C\u1ed5ng Gigabit Ethernet ,1 c\u1ed5ng WAN,1 c\u1ed5ng USB v\u00e0 khe c\u1eafm SD<\/li>\n<li>H\u1ed7 tr\u1ee3 \u0111\u1ea7y \u0111\u1ee7 c\u00e1c t\u00ednh n\u0103ng c\u1ee7a 1 Router cao c\u1ea5p :DHCP,DMZ,DDNS,Bandwidth control\u00a0,Filter,\u2026<\/li>\n<\/ul>\n<p>B\u1ea3ng th\u00f4ng s\u1ed1 k\u1ef9 thu\u1eadt chi ti\u1ebft :<\/p>\n<h2>Hardware specifications<\/h2>\n<table border=\"0\" cellspacing=\"0\" cellpadding=\"0\">\n<tbody>\n<tr>\n<td class=\"speName\">Product number<\/td>\n<td class=\"speDetail\">\n<ul>\n<li>ZBT-WE3526<\/li>\n<\/ul>\n<\/td>\n<\/tr>\n<tr>\n<td class=\"speName\">Hardware<\/td>\n<td class=\"speDetail\">\n<ul>\n<li>MT7621A\/dual-core\/880Mhz<\/li>\n<li>Flash:SPI \u00a016MB \uff08highest support 32MB\uff09<\/li>\n<li>Ram\uff1aDDR3 \u00a0512MB \uff08highest support 512MB\uff09<\/li>\n<\/ul>\n<\/td>\n<\/tr>\n<tr>\n<td class=\"speName\">Size<\/td>\n<td class=\"speDetail\">\n<ul>\n<li>164*137*35mm<\/li>\n<\/ul>\n<\/td>\n<\/tr>\n<tr>\n<td class=\"speName\">Protocol standards<\/td>\n<td class=\"speDetail\">\n<ul>\n<li>IEEE 802.11ac\u3001IEEE 802.11a<\/li>\n<li>IEEE 802.11n\u3001IEEE 802.11g\u3001IEEE 802.11b<\/li>\n<li>IEEE 802.3\u3001IEEE 802.3u<\/li>\n<\/ul>\n<\/td>\n<\/tr>\n<tr>\n<td class=\"speName\">Wireless rate<\/td>\n<td class=\"speDetail\">\n<ul>\n<li>2.4G: 300Mbps<\/li>\n<li>5G: 900Mbps<\/li>\n<\/ul>\n<\/td>\n<\/tr>\n<tr>\n<td class=\"speName\">Working frequency<\/td>\n<td class=\"speDetail\">\n<ul>\n<li>2.4GHz\/5GHz<\/li>\n<\/ul>\n<\/td>\n<\/tr>\n<tr>\n<td class=\"speName\">Antenna<\/td>\n<td class=\"speDetail\">\n<ul>\n<li>2\u00a0* 5dBi\u00a02.4G\u00a0antenna (cant&#8217;t\u00a0removable)<\/li>\n<li>2\u00a0* 5dBi\u00a05.8G\u00a0antenna\u00a0(cant&#8217;t removable)<\/li>\n<\/ul>\n<\/td>\n<\/tr>\n<tr>\n<td class=\"speName\">Interface<\/td>\n<td class=\"speDetail\">\n<ul>\n<li>1 10\/100M\/1000M adaptive WAN\u53e3\uff0csupport auto flip\uff08Auto MDI\/MDIX\uff09<\/li>\n<li>4 10\/100M\/1000M adaptive LAN\u53e3\uff0csupport auto flip\uff08Auto MDI\/MDIX\uff09<\/li>\n<li>1 USB 2.0 interface<\/li>\n<li>1 SD interface<\/li>\n<\/ul>\n<\/td>\n<\/tr>\n<tr>\n<td class=\"speName\">LED<\/td>\n<td class=\"speDetail\">\n<ul>\n<li>PWR,2G,5G,WAN,LAN1,LAN2,LAN3,LAN4<\/li>\n<\/ul>\n<\/td>\n<\/tr>\n<tr>\n<td class=\"speName\">Button<\/td>\n<td class=\"speDetail\">\n<ul>\n<li>1*RESET button<\/li>\n<\/ul>\n<\/td>\n<\/tr>\n<tr>\n<td class=\"speName\">Whether to support POE power supply<\/td>\n<td class=\"speDetail\">\n<ul>\n<li>Can&#8217;t support<\/li>\n<\/ul>\n<\/td>\n<\/tr>\n<\/tbody>\n<\/table>\n<p>&nbsp;<\/p>\n<h2>Software specifications<\/h2>\n<h2><\/h2>\n<table border=\"0\" cellspacing=\"0\" cellpadding=\"0\">\n<tbody>\n<tr>\n<td class=\"speName\"><strong>WAN access mode<\/strong><\/td>\n<td class=\"speDetail\">\n<ul>\n<li>PPPoE\u3001dynamic IP\u3001static IP\u30013G\/4G<\/li>\n<\/ul>\n<\/td>\n<\/tr>\n<tr>\n<td class=\"speName\"><strong>DHCP server<\/strong><\/td>\n<td class=\"speDetail\">\n<ul>\n<li>AP<\/li>\n<li>ROUTER<\/li>\n<\/ul>\n<\/td>\n<\/tr>\n<tr>\n<td class=\"speName\"><strong>DHCP server<\/strong><\/td>\n<td class=\"speDetail\">\n<ul>\n<li>DHCP server<\/li>\n<li>Client list<\/li>\n<li>Static address allocation<\/li>\n<\/ul>\n<\/td>\n<\/tr>\n<tr>\n<td class=\"speName\"><strong>Virtual server<\/strong><\/td>\n<td class=\"speDetail\">\n<ul>\n<li>Port forwarding<\/li>\n<li>DMZ host<\/li>\n<\/ul>\n<\/td>\n<\/tr>\n<tr>\n<td class=\"speName\"><strong>Security settings<\/strong><\/td>\n<td class=\"speDetail\">\n<ul>\n<li>Client filtering<\/li>\n<li>Mac address filtering<\/li>\n<li>URL filtering<\/li>\n<li>Remote WEB management<\/li>\n<\/ul>\n<\/td>\n<\/tr>\n<tr>\n<td class=\"speName\"><strong>DDNS<\/strong><\/td>\n<td class=\"speDetail\">\n<ul>\n<li>Support<\/li>\n<\/ul>\n<\/td>\n<\/tr>\n<tr>\n<td class=\"speName\"><strong>WEB theme switch<\/strong><\/td>\n<td class=\"speDetail\">\n<ul>\n<li>Support<\/li>\n<\/ul>\n<\/td>\n<\/tr>\n<tr>\n<td class=\"speName\"><strong>Bandwidth control<\/strong><\/td>\n<td class=\"speDetail\">\n<ul>\n<li>Support<\/li>\n<\/ul>\n<\/td>\n<\/tr>\n<tr>\n<td class=\"speName\"><strong>Static routing<\/strong><\/td>\n<td class=\"speDetail\">\n<ul>\n<li>Support<\/li>\n<\/ul>\n<\/td>\n<\/tr>\n<tr>\n<td class=\"speName\"><strong>System log<\/strong><\/td>\n<td class=\"speDetail\">\n<ul>\n<li>Support<\/li>\n<\/ul>\n<\/td>\n<\/tr>\n<tr>\n<td class=\"speName\"><strong>Other useful features<\/strong><\/td>\n<td class=\"speDetail\">\n<ul>\n<li>Mac address clone<\/li>\n<li>Profile import and export<\/li>\n<li>WEB software upgrade<\/li>\n<\/ul>\n<\/td>\n<\/tr>\n<\/tbody>\n<\/table>\n<p><\/p>","protected":false},"excerpt":{"rendered":"<h1 class=\"product_h1\">OpenWRT wifi router ZBT-WE3526<\/h1>\n<table>\n<tbody>\n<tr>\n<th>Model\uff1a<\/th>\n<td>ZBT-WE3526<\/td>\n<\/tr>\n<tr>\n<th>Introduction\uff1a<\/th>\n<td>Hardware specifications Product number ZBT-WE3526 Hardware MT7621A\/dual-core\/880Mhz Flash:SPI 16MB \uff08highest support 32MB\uff09 Ram\uff1aDDR3 512MB \uff08highest support 512MB\uff09 Size 164*137*35mm Protocol standards IEEE 802.11ac\u3001IEEE 802.11a IEE<\/td>\n<\/tr>\n<\/tbody>\n<\/table>\n","protected":false},"featured_media":506,"comment_status":"open","ping_status":"closed","template":"","meta":{"_mi_skip_tracking":false,"_exactmetrics_sitenote_active":false,"_exactmetrics_sitenote_note":"","_exactmetrics_sitenote_category":0},"_links":{"self":[{"href":"https:\/\/atlantel.com.kh\/index.php?rest_route=\/wp\/v2\/product\/501"}],"collection":[{"href":"https:\/\/atlantel.com.kh\/index.php?rest_route=\/wp\/v2\/product"}],"about":[{"href":"https:\/\/atlantel.com.kh\/index.php?rest_route=\/wp\/v2\/types\/product"}],"replies":[{"embeddable":true,"href":"https:\/\/atlantel.com.kh\/index.php?rest_route=%2Fwp%2Fv2%2Fcomments&post=501"}],"wp:featuredmedia":[{"embeddable":true,"href":"https:\/\/atlantel.com.kh\/index.php?rest_route=\/wp\/v2\/media\/506"}],"wp:attachment":[{"href":"https:\/\/atlantel.com.kh\/index.php?rest_route=%2Fwp%2Fv2%2Fmedia&parent=501"}],"curies":[{"name":"wp","href":"https:\/\/api.w.org\/{rel}","templated":true}]}}