{"id":496,"date":"2017-12-13T18:52:24","date_gmt":"2017-12-13T11:52:24","guid":{"rendered":"http:\/\/atlantel.com.kh\/?post_type=product&#038;p=496"},"modified":"2019-05-31T13:13:47","modified_gmt":"2019-05-31T06:13:47","slug":"zbt-we2216-5g","status":"publish","type":"product","link":"https:\/\/atlantel.com.kh\/?product=zbt-we2216-5g","title":{"rendered":"OpenWRT wifi router ZBT-WE2216-5G"},"content":{"rendered":"<p>OpenWRT wifi router ZBT-WE2216-5G\u00a0 \u0111\u01b0\u1ee3c trang b\u1ecb :<\/p>\n<ul>\n<li>B\u1ed9 vi x\u1eed l\u00fd QCA9531v \u1edbi b\u1ed9 nh\u1edb RAM l\u00ean \u0111\u1ebfn 128MB s\u1ebd \u0111\u1ea3m b\u1ea3o hi\u1ec7u su\u1ea5t ho\u1ea1t \u0111\u1ed9ng \u1ed5n \u0111\u1ecbnh\u00a0kh\u00f4ng b\u1ecb gi\u00e1n \u0111o\u1ea1n khi x\u1eed l\u00fd \u0111\u1ed3ng th\u1eddi nhi\u1ec1u nhi\u1ec7m v\u1ee5 Wi-Fi\u00a0ho\u1eb7c c\u00f3 d\u00e2y<\/li>\n<li>K\u1ebft n\u1ed1i \u0111\u1ed3ng th\u1eddi b\u0103ng t\u1ea7n\u00a02.4GHz t\u1ed1c \u0111\u1ed9 300Mbps v\u00e0 b\u0103ng t\u1ea7n 5GHz t\u1ed1c \u0111\u1ed9 867 Mbps<\/li>\n<li>4 \u0103ng ten b\u0103ng t\u1ea7n k\u00e9p c\u00f3 th\u1ec3\u00a0th\u00e1o r\u1eddi cung c\u1ea5p v\u00f9ng bao ph\u1ee7 wi-fi \u0111\u1eb3ng h\u01b0\u1edbng\u00a0t\u1ed1i \u0111a v\u00e0 \u0111\u00e1ng tin c\u1eady.<\/li>\n<li>H\u1ed7 tr\u1ee3 \u0111\u1ea7y \u0111\u1ee7 c\u00e1c t\u00ednh n\u0103ng c\u1ee7a 1 Router cao c\u1ea5p :DHCP,DMZ,DDNS,Filter,\u2026<\/li>\n<\/ul>\n<p>B\u1ea3ng th\u00f4ng s\u1ed1 k\u1ef9 thu\u1eadt chi ti\u1ebft :<\/p>\n<h2>Hardware specifications<\/h2>\n<table border=\"0\" cellspacing=\"0\" cellpadding=\"0\">\n<tbody>\n<tr>\n<td class=\"speName\">Product number<\/td>\n<td class=\"speDetail\">\n<ul>\n<li>ZBT-WE2216-5G<\/li>\n<\/ul>\n<\/td>\n<\/tr>\n<tr>\n<td class=\"speName\">Hardware<\/td>\n<td class=\"speDetail\">\n<ul>\n<li>QCA9531<\/li>\n<li>Flash:16M<\/li>\n<li>Ram\uff1a128M<\/li>\n<\/ul>\n<\/td>\n<\/tr>\n<tr>\n<td class=\"speName\">Size<\/td>\n<td class=\"speDetail\">\n<ul>\n<li>235*165*20mm<\/li>\n<\/ul>\n<\/td>\n<\/tr>\n<tr>\n<td class=\"speName\">Wireless<\/td>\n<td class=\"speDetail\">\n<ul>\n<li>Working frequency\uff1a2.4GHz-2.483GHz (China)&amp;5Ghz<\/li>\n<li>Wireless rate\uff1a300Mbps+867Mbps<\/li>\n<\/ul>\n<\/td>\n<\/tr>\n<tr>\n<td class=\"speName\">Port<\/td>\n<td class=\"speDetail\">\n<ul>\n<li>4*lan+1\u4e2awan\u00a010\/100M RJ45 port<\/li>\n<\/ul>\n<\/td>\n<\/tr>\n<tr>\n<td class=\"speName\">Indicator light<\/td>\n<td class=\"speDetail\">\n<ul>\n<li>Other: PWR (power), WLAN (wireless status indication), SYS (system light), SD light, USB light<\/li>\n<\/ul>\n<\/td>\n<\/tr>\n<tr>\n<td class=\"speName\">Button<\/td>\n<td class=\"speDetail\">\n<ul>\n<li>1*Reset button<\/li>\n<\/ul>\n<\/td>\n<\/tr>\n<tr>\n<td class=\"speName\">Power supply<\/td>\n<td class=\"speDetail\">\n<ul>\n<li>DC\u00a012V\/1A<\/li>\n<\/ul>\n<\/td>\n<\/tr>\n<tr>\n<td class=\"speName\">Antenna<\/td>\n<td class=\"speDetail\">\n<ul>\n<li>4 external removable SMA omnidirectional antennas<\/li>\n<\/ul>\n<\/td>\n<\/tr>\n<tr>\n<td class=\"speName\">Management<\/td>\n<td class=\"speDetail\">\n<ul>\n<li>Independent WEB page management<\/li>\n<\/ul>\n<\/td>\n<\/tr>\n<tr>\n<td class=\"speName\">Use the environment<\/td>\n<td class=\"speDetail\">\n<ul>\n<li>Operating temperature\uff1a0\u2103\uff5e40\u2103<\/li>\n<li>Working humidity\uff1a10%\uff5e90%RH can&#8217;t clotted<\/li>\n<li>Storage temperature\uff1a-40\u2103\uff5e70\u2103<\/li>\n<li>Storage humidity\uff1a5%\uff5e90%RH can&#8217;t clotted<\/li>\n<\/ul>\n<\/td>\n<\/tr>\n<\/tbody>\n<\/table>\n<h2>Software specifications<\/h2>\n<table border=\"0\" cellspacing=\"0\" cellpadding=\"0\">\n<tbody>\n<tr>\n<td class=\"speName\">Wireless function<\/td>\n<td class=\"speDetail\">\n<ul>\n<li>SSID broadcast: support<\/li>\n<li>SSID number: 1-3 (support Chinese SSID)<\/li>\n<li>Network Type: Guest network, employee network<\/li>\n<li>Wireless encryption: WPA, WPA2, WPA-PSK, WPA2-PSK<\/li>\n<li>Wireless MAC address filtering: support whitelist<\/li>\n<li>VLAN settings:<\/li>\n<li>Transmit power setting:<\/li>\n<li>WDS function: support<\/li>\n<li>Number of wireless clients limit: support<\/li>\n<li>QoS\uff1aWMM<\/li>\n<li>Kick out weak signal device, disable weak signal device access: support<\/li>\n<\/ul>\n<\/td>\n<\/tr>\n<tr>\n<td class=\"speName\">System Management<\/td>\n<td class=\"speDetail\">\n<ul>\n<li>Device management: Chinese \/ English WEB management<\/li>\n<li>System log: support<\/li>\n<li>Restore factory settings: support<\/li>\n<li>Backup configuration: support<\/li>\n<li>Import configuration: support<\/li>\n<li>Software upgrades: support<\/li>\n<\/ul>\n<\/td>\n<\/tr>\n<tr>\n<td class=\"speName\">Optional system<\/td>\n<td class=\"speDetail\">\n<ul>\n<li>Original SDK, Openwrt, ZBT firmware<\/li>\n<\/ul>\n<\/td>\n<\/tr>\n<\/tbody>\n<\/table>\n<p><\/p>","protected":false},"excerpt":{"rendered":"<h1 class=\"product_h1\">OpenWRT wifi router ZBT-WE2216-5G<\/h1>\n<table>\n<tbody>\n<tr>\n<th>Model\uff1a<\/th>\n<td>ZBT-WE2216-5G<\/td>\n<\/tr>\n<tr>\n<th>Introduction\uff1a<\/th>\n<td>Hardware specifications Product number ZBT-WE2216-5G Hardware QCA9531 Flash:16M Ram\uff1a128M Size 235*165*20mm Wireless Working frequency\uff1a2.4GHz-2.483GHz (China)5Ghz Wireless rate\uff1a300Mbps+867Mbps Port 4*lan+1\u4e2awan10\/100M RJ45 port Indica<\/td>\n<\/tr>\n<\/tbody>\n<\/table>\n","protected":false},"featured_media":497,"comment_status":"open","ping_status":"closed","template":"","meta":{"_mi_skip_tracking":false,"_exactmetrics_sitenote_active":false,"_exactmetrics_sitenote_note":"","_exactmetrics_sitenote_category":0},"_links":{"self":[{"href":"https:\/\/atlantel.com.kh\/index.php?rest_route=\/wp\/v2\/product\/496"}],"collection":[{"href":"https:\/\/atlantel.com.kh\/index.php?rest_route=\/wp\/v2\/product"}],"about":[{"href":"https:\/\/atlantel.com.kh\/index.php?rest_route=\/wp\/v2\/types\/product"}],"replies":[{"embeddable":true,"href":"https:\/\/atlantel.com.kh\/index.php?rest_route=%2Fwp%2Fv2%2Fcomments&post=496"}],"wp:featuredmedia":[{"embeddable":true,"href":"https:\/\/atlantel.com.kh\/index.php?rest_route=\/wp\/v2\/media\/497"}],"wp:attachment":[{"href":"https:\/\/atlantel.com.kh\/index.php?rest_route=%2Fwp%2Fv2%2Fmedia&parent=496"}],"curies":[{"name":"wp","href":"https:\/\/api.w.org\/{rel}","templated":true}]}}