{"id":444,"date":"2017-12-10T22:49:46","date_gmt":"2017-12-10T15:49:46","guid":{"rendered":"http:\/\/atlantel.com.kh\/?post_type=product&#038;p=444"},"modified":"2019-06-22T16:52:33","modified_gmt":"2019-06-22T09:52:33","slug":"cap-quang-treo-hinh-8-fe","status":"publish","type":"product","link":"https:\/\/atlantel.com.kh\/?product=cap-quang-treo-hinh-8-fe","title":{"rendered":"C\u00e1p quang treo h\u00ecnh s\u1ed1 8 (FE)"},"content":{"rendered":"<p><\/p>\n<table class=\"borderall\" border=\"1\" cellspacing=\"0\" cellpadding=\"0\">\n<tbody>\n<tr>\n<td>\n<p align=\"center\"><strong>Th\u00f4ng s\u1ed1 k\u1ef9 thu\u1eadt<\/strong><\/p>\n<\/td>\n<td>\n<p align=\"center\"><strong>Ti\u00eau chu\u1ea9n<\/strong><\/p>\n<\/td>\n<\/tr>\n<tr>\n<td valign=\"top\" width=\"165\">S\u1ed1 s\u1ee3i quang<\/td>\n<td valign=\"top\" width=\"177\">2 \u2013 192 s\u1ee3i quang<\/td>\n<\/tr>\n<tr>\n<td valign=\"top\" width=\"165\">Ph\u1ea7n t\u1eed ch\u1ecbu l\u1ef1c trung t\u00e2m<\/td>\n<td valign=\"top\" width=\"177\">Fibre Reinforce Plastic (FRP)<\/td>\n<\/tr>\n<tr>\n<td valign=\"top\" width=\"165\">H\u1ee3p ch\u1ea5t \u0111i\u1ec1n \u0111\u1ea7y \u1ed1ng l\u1ecfng<\/td>\n<td valign=\"top\" width=\"177\">D\u1ea7u Jelly<\/td>\n<\/tr>\n<tr>\n<td valign=\"top\" width=\"165\">B\u0103ng qu\u1ea5n quanh l\u00f5i<\/td>\n<td valign=\"top\" width=\"177\">B\u0103ng ch\u1ed1ng th\u1ea5m n\u01b0\u1edbc<\/td>\n<\/tr>\n<tr>\n<td valign=\"top\" width=\"165\">D\u00e2y treo<\/td>\n<td valign=\"top\" width=\"177\">D\u00e2y th\u00e9p m\u1ea1 k\u1ebdm<\/td>\n<\/tr>\n<tr>\n<td valign=\"top\" width=\"165\">V\u1ecf b\u1ea3o v\u1ec7<\/td>\n<td valign=\"top\" width=\"177\">Nh\u1ef1a HDPE m\u00e0u \u0111en<\/td>\n<\/tr>\n<tr>\n<td valign=\"top\" width=\"165\">\u0110\u01b0\u1eddng k\u00ednh ngo\u00e0i c\u1ee7a c\u00e1p<\/td>\n<td valign=\"top\" width=\"177\">9 mm \u2013 16.3 mm<\/td>\n<\/tr>\n<tr>\n<td valign=\"top\" width=\"165\">B\u00e1n k\u00ednh u\u1ed1n cong nh\u1ecf nh\u1ea5t khi l\u1eafp \u0111\u1eb7t<\/td>\n<td valign=\"top\" width=\"177\">20 l\u1ea7n \u0111\u01b0\u1eddng k\u00ednh ngo\u00e0i c\u1ee7a c\u00e1p<\/td>\n<\/tr>\n<tr>\n<td valign=\"top\" width=\"165\">B\u00e1n k\u00ednh u\u1ed1n cong nh\u1ecf nh\u1ea5t sau khi l\u1eafp \u0111\u1eb7t<\/td>\n<td valign=\"top\" width=\"177\">10 l\u1ea7n \u0111\u01b0\u1eddng k\u00ednh ngo\u00e0i c\u1ee7a c\u00e1p<\/td>\n<\/tr>\n<tr>\n<td valign=\"top\" width=\"165\">S\u1ee9c b\u1ec1n k\u00e9o khi l\u1eafp \u0111\u1eb7t<\/td>\n<td valign=\"top\" width=\"177\">3500 N<\/td>\n<\/tr>\n<tr>\n<td valign=\"top\" width=\"165\">S\u1ee9c b\u1ec1n k\u00e9o sau khi l\u1eafp \u0111\u1eb7t<\/td>\n<td valign=\"top\" width=\"177\">2700 N<\/td>\n<\/tr>\n<tr>\n<td valign=\"top\" width=\"165\">S\u1ee9c b\u1ec1n n\u00e9n<\/td>\n<td valign=\"top\" width=\"177\">2000N\/100mm<\/td>\n<\/tr>\n<tr>\n<td valign=\"top\" width=\"165\">\u00c1p su\u1ea5t gi\u00f3 t\u1ed1i \u0111a<\/td>\n<td valign=\"top\" width=\"177\">95 daN\/m<sup>2<\/sup><\/td>\n<\/tr>\n<tr>\n<td valign=\"top\" width=\"165\">Nhi\u1ec7t \u0111\u1ed9 khi l\u1eafp \u0111\u1eb7t<\/td>\n<td valign=\"top\" width=\"177\">&#8211; 10\u00a0<sup>0<\/sup>C \u0111\u1ebfn 50\u00a0<sup>0<\/sup>C<\/td>\n<\/tr>\n<tr>\n<td valign=\"top\" width=\"165\">Nhi\u1ec7t \u0111\u1ed9 khi l\u00e0m vi\u1ec7c<\/td>\n<td valign=\"top\" width=\"177\">&#8211; 30\u00a0<sup>0<\/sup>C \u0111\u1ebfn 70\u00a0<sup>0<\/sup>C<\/td>\n<\/tr>\n<tr>\n<td valign=\"top\" width=\"165\">Nhi\u1ec7t \u0111\u1ed9 l\u01b0u tr\u1eef<\/td>\n<td valign=\"top\" width=\"177\">&#8211; 30\u00a0<sup>0<\/sup>C \u0111\u1ebfn 70\u00a0<sup>0<\/sup>C<\/td>\n<\/tr>\n<\/tbody>\n<\/table>\n<p><\/p>","protected":false},"excerpt":{"rendered":"<p><strong>\u0110\u1eb7c t\u00ednh k\u1ef9 thu\u1eadt v\u00e0 \u1ee9ng d\u1ee5ng:<\/strong><br \/>\n&#8211; T\u1eeb 2 \u2013 288 s\u1ee3i quang SMF.<br \/>\n&#8211; C\u00f4ng ngh\u1ec7 ch\u1ed1ng th\u1ea5m Drycore, ng\u0103n n\u01b0\u1edbc v\u00e0 h\u01a1i \u1ea9m x\u00e2m nh\u1eadp t\u1ed1t nh\u1ea5t.<br \/>\n&#8211; C\u00e1p c\u00f3 \u0111\u01b0\u1eddng k\u00ednh nh\u1ecf, g\u1ecdn v\u00e0 nh\u1eb9, d\u1ec5 d\u00e0ng khi l\u1eafp \u0111\u1eb7t, x\u1eed l\u00fd v\u00e0 v\u1eadn chuy\u1ec3n.<br \/>\n&#8211; C\u01b0\u1eddng \u0111\u1ed9 ch\u1ecbu l\u1ef1c cao d\u1ef1a v\u00e0o c\u00e1c d\u00e2y th\u00e9p m\u1ea1 k\u1ebdm b\u1ec7n l\u1ea1i v\u1edbi nhau.<br \/>\n&#8211; C\u00e1p \u0111\u01b0\u1ee3c thi\u1ebft k\u1ebf ph\u00f9 h\u1ee3p cho s\u1eed d\u1ee5ng:<br \/>\n+ H\u1ec7 th\u1ed1ng m\u1ea1ng c\u1ee5c b\u1ed9<br \/>\n+ H\u1ec7 th\u1ed1ng m\u1ea1ng thu\u00ea bao<br \/>\n+ H\u1ec7 th\u1ed1ng th\u00f4ng tin n\u1ed9i b\u1ed9<br \/>\n+ H\u1ec7 th\u1ed1ng th\u00f4ng tin li\u00ean l\u1ea1c \u0111\u01b0\u1eddng d\u00e0i.<br \/>\n&#8211; C\u00e1c th\u00f4ng s\u1ed1 c\u00e1p \u0111\u00e1p \u1ee9ng theo ti\u00eau chu\u1ea9n TCN 68-160:1996, TCVN 6745:2000, TCVN 8665 v\u00e0 IEC, EIA.<\/p>\n<ul>\n<li>\u0110\u00f3ng g\u00f3i: 3000 \u2013 5000m\/bobin<\/li>\n<li>\u00a0Ho\u1eb7c theo y\u00eau c\u1ea7u kh\u00e1ch h\u00e0ng<\/li>\n<\/ul>\n","protected":false},"featured_media":445,"comment_status":"open","ping_status":"closed","template":"","meta":{"_mi_skip_tracking":false,"_exactmetrics_sitenote_active":false,"_exactmetrics_sitenote_note":"","_exactmetrics_sitenote_category":0},"_links":{"self":[{"href":"https:\/\/atlantel.com.kh\/index.php?rest_route=\/wp\/v2\/product\/444"}],"collection":[{"href":"https:\/\/atlantel.com.kh\/index.php?rest_route=\/wp\/v2\/product"}],"about":[{"href":"https:\/\/atlantel.com.kh\/index.php?rest_route=\/wp\/v2\/types\/product"}],"replies":[{"embeddable":true,"href":"https:\/\/atlantel.com.kh\/index.php?rest_route=%2Fwp%2Fv2%2Fcomments&post=444"}],"wp:featuredmedia":[{"embeddable":true,"href":"https:\/\/atlantel.com.kh\/index.php?rest_route=\/wp\/v2\/media\/445"}],"wp:attachment":[{"href":"https:\/\/atlantel.com.kh\/index.php?rest_route=%2Fwp%2Fv2%2Fmedia&parent=444"}],"curies":[{"name":"wp","href":"https:\/\/api.w.org\/{rel}","templated":true}]}}