{"id":439,"date":"2017-12-10T22:37:13","date_gmt":"2017-12-10T15:37:13","guid":{"rendered":"http:\/\/atlantel.com.kh\/?post_type=product&#038;p=439"},"modified":"2019-06-22T13:14:27","modified_gmt":"2019-06-22T06:14:27","slug":"day-thue-bao-adsl-dropwire","status":"publish","type":"product","link":"https:\/\/atlantel.com.kh\/?product=day-thue-bao-adsl-dropwire","title":{"rendered":"D\u00e2y thu\u00ea bao ADSL Dropwire"},"content":{"rendered":"<p><strong>Ti\u00eau chu\u1ea9n k\u1ef9 thu\u1eadt<\/strong><\/p>\n<p>\u0110\u1eb7c t\u00ednh \u0111i\u1ec7n kh\u00ed \u1edf 20<sup>o<\/sup>C<\/p>\n<p>&nbsp;<\/p>\n<table border=\"1\" cellspacing=\"0\" cellpadding=\"0\">\n<tbody>\n<tr>\n<td rowspan=\"2\">\n<p align=\"center\"><strong>K\u00edch th\u01b0\u1edbc d\u00e2y d\u1eabn<\/strong><\/p>\n<p align=\"center\"><strong>(mm)<\/strong><\/p>\n<\/td>\n<td colspan=\"2\">\n<p align=\"center\"><strong>i\u1ec7n tr\u1edf d\u00e2y d\u1eabn<\/strong><\/p>\n<p align=\"center\"><strong><em>\u00a0(<\/em>W\/km)<\/strong><\/p>\n<\/td>\n<td rowspan=\"2\">\n<p align=\"center\"><strong>\u0110i\u1ec7n dung<\/strong><\/p>\n<p align=\"center\"><strong>( nF\/km)<\/strong><\/p>\n<\/td>\n<td colspan=\"2\">\n<p align=\"center\"><strong>\u0110i\u1ec7n tr\u1edf<\/strong><\/p>\n<p align=\"center\"><strong>m\u1ea5t c\u00e2n b\u1eb1ng<\/strong><\/p>\n<p align=\"center\"><strong><em>\u00a0(\u00a0<\/em>%)<\/strong><\/p>\n<\/td>\n<td rowspan=\"2\">\n<p align=\"center\"><strong>\u0110i\u1ec7n tr\u1edf<\/strong><\/p>\n<p align=\"center\"><strong>c\u00e1ch \u0111i\u1ec7n<\/strong><\/p>\n<p align=\"center\"><strong>( MW.KM )<\/strong><\/p>\n<\/td>\n<td rowspan=\"2\">\n<p align=\"center\"><strong>\u0110i\u1ec7n \u00e1p<\/strong><\/p>\n<p align=\"center\"><strong>\u0111\u00e1nh th\u1ee7ng<\/strong><\/p>\n<\/td>\n<\/tr>\n<tr>\n<td>\n<p align=\"center\"><strong>M\/Aver<\/strong><\/p>\n<\/td>\n<td>\n<p align=\"center\"><strong><em>M\/Ex<\/em><\/strong><\/p>\n<\/td>\n<td>\n<p align=\"center\"><strong>M\/Aver<\/strong><\/p>\n<\/td>\n<td>\n<p align=\"center\"><strong><em>M\/Ex<\/em><\/strong><\/p>\n<\/td>\n<\/tr>\n<tr>\n<td>\n<p align=\"center\">0,5 \u00b1 0.01<\/p>\n<\/td>\n<td>\n<p align=\"center\">\u2264 88.7<\/p>\n<\/td>\n<td>\n<p align=\"center\">\u2264 93.5<\/p>\n<\/td>\n<td>\n<p align=\"center\">PVC: \u2264 55, PE: \u2264 55<\/p>\n<\/td>\n<td>\n<p align=\"center\">\u2264 1.5<\/p>\n<\/td>\n<td>\n<p align=\"center\">\u2264 5.0<\/p>\n<\/td>\n<td>\n<p align=\"center\">\u2265 15.000<\/p>\n<\/td>\n<td>\n<p align=\"center\">\u2265 5<\/p>\n<\/td>\n<\/tr>\n<tr>\n<td>\n<p align=\"center\">0.65 \u00b1 0.02<\/p>\n<\/td>\n<td>\n<p align=\"center\">\u2264 52.5<\/p>\n<\/td>\n<td>\n<p align=\"center\">56.5<\/p>\n<\/td>\n<td>\n<p align=\"center\">PVC: \u2264 60, PE: \u2264 55<\/p>\n<\/td>\n<td>\n<p align=\"center\">\u2264 1.5<\/p>\n<\/td>\n<td>\n<p align=\"center\">\u2264 5.0<\/p>\n<\/td>\n<td>\n<p align=\"center\">\u2265 15.000<\/p>\n<\/td>\n<td>\n<p align=\"center\">\u2265 5<\/p>\n<\/td>\n<\/tr>\n<tr>\n<td>\n<p align=\"center\">7&#215;0,18 \u00b1 0.01<\/p>\n<\/td>\n<td>\n<p align=\"center\">\u2264 102<\/p>\n<\/td>\n<td>\n<p align=\"center\">\u2264 105<\/p>\n<\/td>\n<td>\n<p align=\"center\">PVC: \u2264 60, PE: \u2264 55<\/p>\n<\/td>\n<td>\n<p align=\"center\">\u2264 1.5<\/p>\n<\/td>\n<td>\n<p align=\"center\">\u2264 5.0<\/p>\n<\/td>\n<td>\n<p align=\"center\">\u2265 15.000<\/p>\n<\/td>\n<td>\n<p align=\"center\">\u2265 5<\/p>\n<\/td>\n<\/tr>\n<tr>\n<td>\n<p align=\"center\">7&#215;0,2 \u00b1 0.01<\/p>\n<\/td>\n<td>\n<p align=\"center\">\u2264 82<\/p>\n<\/td>\n<td>\n<p align=\"center\">\u2264 86<\/p>\n<\/td>\n<td>\n<p align=\"center\">PVC: \u2264 60, PE: \u2264 55<\/p>\n<\/td>\n<td>\n<p align=\"center\">\u2264 1.5<\/p>\n<\/td>\n<td>\n<p align=\"center\">\u2264 5.0<\/p>\n<\/td>\n<td>\n<p align=\"center\">\u2265 15.000<\/p>\n<\/td>\n<td>\n<p align=\"center\">\u2265 5<\/p>\n<\/td>\n<\/tr>\n<tr>\n<td>\n<p align=\"center\">9&#215;0,18 \u00b1 0.01<\/p>\n<\/td>\n<td>\n<p align=\"center\">\u2264 78<\/p>\n<\/td>\n<td>\n<p align=\"center\">\u2264 82<\/p>\n<\/td>\n<td>\n<p align=\"center\">PVC: \u2264 60, PE: \u2264 55<\/p>\n<\/td>\n<td>\n<p align=\"center\">\u2264 1.5<\/p>\n<\/td>\n<td>\n<p align=\"center\">\u2264 5.0<\/p>\n<\/td>\n<td>\n<p align=\"center\">\u2265 15.000<\/p>\n<\/td>\n<td>\n<p align=\"center\">\u2265 5<\/p>\n<\/td>\n<\/tr>\n<tr>\n<td>\n<p align=\"center\">9&#215;0,2 \u00b1 0.01<\/p>\n<\/td>\n<td>\n<p align=\"center\">\u2264 64<\/p>\n<\/td>\n<td>\n<p align=\"center\">\u2264 68<\/p>\n<\/td>\n<td>\n<p align=\"center\">PVC: \u2264 60, PE: \u2264 55<\/p>\n<\/td>\n<td>\n<p align=\"center\">\u2264 1.5<\/p>\n<\/td>\n<td>\n<p align=\"center\">\u2264 5.0<\/p>\n<\/td>\n<td>\n<p align=\"center\">\u2265 15.000<\/p>\n<\/td>\n<td>\n<p align=\"center\">\u2265 5<\/p>\n<\/td>\n<\/tr>\n<tr>\n<td>\n<p align=\"center\">11&#215;0,18 \u00b1 0.01<\/p>\n<\/td>\n<td>\n<p align=\"center\">\u2264 62<\/p>\n<\/td>\n<td>\n<p align=\"center\">\u2264 66<\/p>\n<\/td>\n<td>\n<p align=\"center\">PVC: \u2264 60, PE: \u2264 55<\/p>\n<\/td>\n<td>\n<p align=\"center\">\u2264 1.5<\/p>\n<\/td>\n<td>\n<p align=\"center\">\u2264 5.0<\/p>\n<\/td>\n<td>\n<p align=\"center\">\u2265 15.000<\/p>\n<\/td>\n<td>\n<p align=\"center\">\u2265 5<\/p>\n<\/td>\n<\/tr>\n<tr>\n<td>\n<p align=\"center\">11&#215;0,2 \u00b1 0.01<\/p>\n<\/td>\n<td>\n<p align=\"center\">\u2264 54<\/p>\n<\/td>\n<td>\n<p align=\"center\">\u2264 58<\/p>\n<\/td>\n<td>\n<p align=\"center\">PVC: \u2264 60, PE: \u2264 55<\/p>\n<\/td>\n<td>\n<p align=\"center\">\u2264 1.5<\/p>\n<\/td>\n<\/tr>\n<\/tbody>\n<\/table>\n<p><strong>\u0110\u1eb7c t\u00ednh c\u01a1 l\u00fd<\/strong><\/p>\n<table border=\"1\" cellspacing=\"0\" cellpadding=\"0\">\n<tbody>\n<tr>\n<td>\n<p align=\"center\"><strong>STT<\/strong><\/p>\n<\/td>\n<td>\n<p align=\"center\"><strong>Ti\u00eau chu\u1ea9n<\/strong><\/p>\n<\/td>\n<td>\n<p align=\"center\"><strong>\u0110\u01a1n v\u1ecb<\/strong><\/p>\n<\/td>\n<td>\n<p align=\"center\"><strong>0,4mm<\/strong><\/p>\n<\/td>\n<td>\n<p align=\"center\"><strong>0,5mm<\/strong><\/p>\n<\/td>\n<td>\n<p align=\"center\"><strong>0,65mm<\/strong><\/p>\n<\/td>\n<td>\n<p align=\"center\"><strong>0,9mm<\/strong><\/p>\n<\/td>\n<\/tr>\n<tr>\n<td>\n<p align=\"center\">1<\/p>\n<\/td>\n<td>\u0110\u1ed9 gi\u00e3n d\u00e0i c\u1ee7a d\u00e2y d\u1eabn<\/td>\n<td>\n<p align=\"center\">%<\/p>\n<\/td>\n<td>\n<p align=\"center\">\u2265 12<\/p>\n<\/td>\n<td>\n<p align=\"center\">\u2265 15<\/p>\n<\/td>\n<td>\n<p align=\"center\">\u2265 20<\/p>\n<\/td>\n<td>\n<p align=\"center\">\u2265 22<\/p>\n<\/td>\n<\/tr>\n<tr>\n<td>\n<p align=\"center\">2<\/p>\n<\/td>\n<td>C\u01b0\u1eddng \u0111\u1ed9 l\u1ef1c k\u00e9o \u0111\u1ee9t c\u1ee7a d\u00e2y d\u1eabn<\/td>\n<td>\n<p align=\"center\">Kgf\/mm<sup>2<\/sup><\/p>\n<\/td>\n<td colspan=\"4\">\n<p align=\"center\">\u2265 20<\/p>\n<\/td>\n<\/tr>\n<tr>\n<td>\n<p align=\"center\">3<\/p>\n<\/td>\n<td>\u0110\u1ed9 gi\u00e3n d\u00e0i c\u1ee7a v\u1ecf b\u1ecdc d\u00e2y d\u1eabn<\/td>\n<td>\n<p align=\"center\">%<\/p>\n<\/td>\n<td colspan=\"4\">\n<p align=\"center\">\u2265 400<\/p>\n<\/td>\n<\/tr>\n<tr>\n<td>\n<p align=\"center\">4<\/p>\n<\/td>\n<td>C\u01b0\u1eddng \u0111\u1ed9 l\u1ef1c k\u00e9o \u0111\u1ee9t c\u1ee7a v\u1ecf b\u1ecdc d\u00e2y d\u1eabn<\/td>\n<td>\n<p align=\"center\">Kgf\/mm<sup>2<\/sup><\/p>\n<\/td>\n<td colspan=\"4\">\n<p align=\"center\">\u2265 1.2<\/p>\n<\/td>\n<\/tr>\n<tr>\n<td>\n<p align=\"center\">5<\/p>\n<\/td>\n<td>\u0110\u1ed9 gi\u00e3n d\u00e0i c\u1ee7a v\u1ecf b\u1ecdc c\u00e1p<\/td>\n<td>\n<p align=\"center\">%<\/p>\n<\/td>\n<td colspan=\"4\">\n<p align=\"center\">PVC: \u2265 180<\/p>\n<p align=\"center\">PE: \u2265 400<\/p>\n<\/td>\n<\/tr>\n<tr>\n<td>\n<p align=\"center\">6<\/p>\n<\/td>\n<td>C\u01b0\u1eddng \u0111\u1ed9 l\u1ef1c k\u00e9o \u0111\u1ee9t c\u1ee7a v\u1ecf b\u1ecdc c\u00e1p<\/td>\n<td>\n<p align=\"center\">Kgf\/mm<sup>2<\/sup><\/p>\n<\/td>\n<td colspan=\"4\"><\/td>\n<\/tr>\n<\/tbody>\n<\/table>\n","protected":false},"excerpt":{"rendered":"<p><strong>C\u00f4ng d\u1ee5ng:<\/strong><\/p>\n<p>D\u00f9ng \u0111\u1ec3 \u0111\u1ea5u n\u1ed1i t\u1eeb h\u1ed9p t\u1eadp \u0111i\u1ec3m \u0111\u1ebfn thu\u00ea bao s\u1eed d\u1ee5ng.<\/p>\n<p><strong>Ti\u00eau chu\u1ea9n \u00e1p d\u1ee5ng:<\/strong><\/p>\n<p>REA \u2013 PE 89 (USA), TCVN 8238 \u2013 2009<\/p>\n<p>\u0110\u00f3ng g\u00f3i:\u00a0300m \u2013 500m\/cu\u1ed9n<\/p>\n","protected":false},"featured_media":440,"comment_status":"open","ping_status":"closed","template":"","meta":{"_mi_skip_tracking":false,"_exactmetrics_sitenote_active":false,"_exactmetrics_sitenote_note":"","_exactmetrics_sitenote_category":0},"_links":{"self":[{"href":"https:\/\/atlantel.com.kh\/index.php?rest_route=\/wp\/v2\/product\/439"}],"collection":[{"href":"https:\/\/atlantel.com.kh\/index.php?rest_route=\/wp\/v2\/product"}],"about":[{"href":"https:\/\/atlantel.com.kh\/index.php?rest_route=\/wp\/v2\/types\/product"}],"replies":[{"embeddable":true,"href":"https:\/\/atlantel.com.kh\/index.php?rest_route=%2Fwp%2Fv2%2Fcomments&post=439"}],"wp:featuredmedia":[{"embeddable":true,"href":"https:\/\/atlantel.com.kh\/index.php?rest_route=\/wp\/v2\/media\/440"}],"wp:attachment":[{"href":"https:\/\/atlantel.com.kh\/index.php?rest_route=%2Fwp%2Fv2%2Fmedia&parent=439"}],"curies":[{"name":"wp","href":"https:\/\/api.w.org\/{rel}","templated":true}]}}