{"id":235,"date":"2017-12-06T22:03:23","date_gmt":"2017-12-06T15:03:23","guid":{"rendered":"http:\/\/atlantel.com.kh\/?post_type=product&#038;p=235"},"modified":"2019-05-31T13:15:05","modified_gmt":"2019-05-31T06:15:05","slug":"cf-e380ac","status":"publish","type":"product","link":"https:\/\/atlantel.com.kh\/?product=cf-e380ac","title":{"rendered":"B\u1ed9 ph\u00e1t wifi \u1ed1p tr\u1ea7n 2 b\u0103ng t\u1ea7n Comfast CF-E380AC 1750Mbps"},"content":{"rendered":"<p>\u0110\u1eb7c \u0111i\u1ec3m n\u1ed5i b\u1eadt c\u1ee7a thi\u1ebft b\u1ecb<\/p>\n<p>CF-E380AC s\u1eed d\u1ee5ng Dual Wifi\u00a0 cho ph\u00e9p truy\u1ec1n kh\u00f4ng d\u00e2y t\u1ed1t h\u01a1n v\u1edbi 2 b\u0103ng t\u1ea7ng :<\/p>\n<ul>\n<li>B\u0103ng t\u1ea7n 2.4GHz: C\u00f4ng ngh\u1ec7 3&#215;3 MIMO gi\u00fap t\u1ea1o ra m\u1ea1ng Wi-Fi t\u1ed1c \u0111\u1ed9 cao v\u00e0 \u1ed5n \u0111\u1ecbnh 450Mbps, c\u1ef1c k\u1ef3 l\u00fd t\u01b0\u1edfng cho c\u00e1c \u1ee9ng d\u1ee5ng th\u01b0\u1eddng nh\u1eadt nh\u01b0 g\u1eedi nh\u1eadn email, l\u01b0\u1edbt web ho\u1eb7c nghe nh\u1ea1c tr\u1ef1c tuy\u1ebfn.<\/li>\n<li>B\u0103ng t\u1ea7n 5GHz: Cung c\u1ea5p k\u1ebft n\u1ed1i Wi-Fi l\u00ean \u0111\u1ebfn 1300Mbps cho c\u00e1c \u1ee9ng d\u1ee5ng gi\u1ea3i tr\u00ed \u0111\u00f2i h\u1ecfi \u0111\u1ed9 nh\u1ea1y b\u0103ng th\u00f4ng cao, v\u1edbi CF-E380AC b\u1ea1n c\u00f3 th\u1ec3 xem c\u00e1c video HD, ch\u01a1i tr\u00f2 ch\u01a1i tr\u1ef1c tuy\u1ebfn v\u00e0 th\u1ef1c hi\u1ec7n c\u00e1c cu\u1ed9c g\u1ecdi video m\u01b0\u1ee3t m\u00e0 h\u01a1n bao gi\u1edd h\u1ebft.<\/li>\n<\/ul>\n<p>T\u1ed1c \u0111\u1ed9 truy\u1ec1n cao\u00a0<strong>17.500Mbps\u00a0<\/strong>cung c\u1ea5p cho m\u1ecdi ng\u01b0\u1eddi d\u00f9ng tr\u1ea3i nghi\u1ec7m m\u1ea1ng tr\u01a1n tru t\u1edbi thi\u1ebft b\u1ecb cu\u1ed1i c\u00f9ng<\/p>\n<p>V\u1edbi 6 Anten\u00a0\u0111\u1ed9 l\u1ee3i 3dBi\u00a0 t\u00edch h\u1ee3p s\u1eb5n s\u1ebd \u0111\u1ea3m b\u1ea3o t\u00edn hi\u1ec7u ph\u00e1t s\u00f3ng wifi \u1ed5n \u0111\u1ecbnh<\/p>\n<p>S\u1eed d\u1ee5ng c\u00f4ng ngh\u1ec7 Chipset Watchdog, CF-E380AC c\u00f3 th\u1ec3\u00a0t\u1ef1 kh\u1edfi \u0111\u1ed9ng l\u1ea1i khi thi\u1ebft b\u1ecb ch\u1ebft. Trong c\u00e1c d\u1ef1 an l\u1edbn, CF-E380AC c\u00f3 th\u1ec3 th\u1ed1ng nh\u1ea5t qu\u1ea3n l\u00fd. Nh\u1edd nh\u1eefng \u0111\u1eb7c t\u00ednh n\u00e0y gi\u00fap ch\u00fang ta\u00a0<strong>ti\u1ebft ki\u1ec7m \u0111\u01b0\u1ee3c\u00a0chi ph\u00ed lao \u0111\u1ed9ng v\u00e0 b\u1ea3o tr\u00ec<\/strong>.<\/p>\n<p>K\u1ebft n\u1ed1i t\u1edbi<strong>\u00a0h\u01a1n 200 thi\u1ebft b\u1ecb<\/strong>, Ph\u1ea7n m\u1ec1m Watchdog\u00a0\u0111\u01b0\u1ee3c c\u00e0i \u0111\u1eb7t s\u1eb5n.<\/p>\n<p>L\u1eafp \u0111\u1eb7t d\u1ec5 d\u00e0ng, c\u00e0i \u0111\u1eb7t tr\u00ean tr\u1ea7n ho\u1eb7c treo t\u01b0\u1eddng v\u1edbi s\u1ebd t\u1ea1o t\u00ednh th\u1ea9m m\u1ef9 r\u1ea5t cao<\/p>\n<p><img decoding=\"async\" loading=\"lazy\" class=\"aligncenter size-full wp-image-240\" src=\"http:\/\/atlantel.com.kh\/wp-content\/uploads\/2017\/12\/CF-E380AC-13.jpg\" alt=\"\" width=\"900\" height=\"1230\" srcset=\"https:\/\/atlantel.com.kh\/wp-content\/uploads\/2017\/12\/CF-E380AC-13.jpg 900w, https:\/\/atlantel.com.kh\/wp-content\/uploads\/2017\/12\/CF-E380AC-13-300x410.jpg 300w, https:\/\/atlantel.com.kh\/wp-content\/uploads\/2017\/12\/CF-E380AC-13-768x1050.jpg 768w\" sizes=\"(max-width: 900px) 100vw, 900px\" \/><img decoding=\"async\" loading=\"lazy\" class=\"aligncenter size-full wp-image-241\" src=\"http:\/\/atlantel.com.kh\/wp-content\/uploads\/2017\/12\/CF-E380AC-5.jpg\" alt=\"\" width=\"900\" height=\"1291\" srcset=\"https:\/\/atlantel.com.kh\/wp-content\/uploads\/2017\/12\/CF-E380AC-5.jpg 900w, https:\/\/atlantel.com.kh\/wp-content\/uploads\/2017\/12\/CF-E380AC-5-300x430.jpg 300w, https:\/\/atlantel.com.kh\/wp-content\/uploads\/2017\/12\/CF-E380AC-5-768x1102.jpg 768w\" sizes=\"(max-width: 900px) 100vw, 900px\" \/><img decoding=\"async\" loading=\"lazy\" class=\"aligncenter size-full wp-image-242\" src=\"http:\/\/atlantel.com.kh\/wp-content\/uploads\/2017\/12\/CF-E380AC-6.jpg\" alt=\"\" width=\"900\" height=\"1102\" srcset=\"https:\/\/atlantel.com.kh\/wp-content\/uploads\/2017\/12\/CF-E380AC-6.jpg 900w, https:\/\/atlantel.com.kh\/wp-content\/uploads\/2017\/12\/CF-E380AC-6-300x367.jpg 300w, https:\/\/atlantel.com.kh\/wp-content\/uploads\/2017\/12\/CF-E380AC-6-768x940.jpg 768w\" sizes=\"(max-width: 900px) 100vw, 900px\" \/><img decoding=\"async\" loading=\"lazy\" class=\"aligncenter size-full wp-image-243\" src=\"http:\/\/atlantel.com.kh\/wp-content\/uploads\/2017\/12\/CF-E380AC-7.jpg\" alt=\"\" width=\"900\" height=\"976\" srcset=\"https:\/\/atlantel.com.kh\/wp-content\/uploads\/2017\/12\/CF-E380AC-7.jpg 900w, https:\/\/atlantel.com.kh\/wp-content\/uploads\/2017\/12\/CF-E380AC-7-300x325.jpg 300w, https:\/\/atlantel.com.kh\/wp-content\/uploads\/2017\/12\/CF-E380AC-7-768x833.jpg 768w\" sizes=\"(max-width: 900px) 100vw, 900px\" \/><img decoding=\"async\" loading=\"lazy\" class=\"aligncenter size-full wp-image-244\" src=\"http:\/\/atlantel.com.kh\/wp-content\/uploads\/2017\/12\/CF-E380AC-8.jpg\" alt=\"\" width=\"900\" height=\"703\" srcset=\"https:\/\/atlantel.com.kh\/wp-content\/uploads\/2017\/12\/CF-E380AC-8.jpg 900w, https:\/\/atlantel.com.kh\/wp-content\/uploads\/2017\/12\/CF-E380AC-8-300x234.jpg 300w, https:\/\/atlantel.com.kh\/wp-content\/uploads\/2017\/12\/CF-E380AC-8-768x600.jpg 768w\" sizes=\"(max-width: 900px) 100vw, 900px\" \/><img decoding=\"async\" loading=\"lazy\" class=\"aligncenter size-full wp-image-245\" src=\"http:\/\/atlantel.com.kh\/wp-content\/uploads\/2017\/12\/CF-E380AC-9.jpg\" alt=\"\" width=\"900\" height=\"1185\" srcset=\"https:\/\/atlantel.com.kh\/wp-content\/uploads\/2017\/12\/CF-E380AC-9.jpg 900w, https:\/\/atlantel.com.kh\/wp-content\/uploads\/2017\/12\/CF-E380AC-9-300x395.jpg 300w, https:\/\/atlantel.com.kh\/wp-content\/uploads\/2017\/12\/CF-E380AC-9-768x1011.jpg 768w\" sizes=\"(max-width: 900px) 100vw, 900px\" \/><img decoding=\"async\" loading=\"lazy\" class=\"aligncenter size-full wp-image-246\" src=\"http:\/\/atlantel.com.kh\/wp-content\/uploads\/2017\/12\/CF-E380AC-10.jpg\" alt=\"\" width=\"900\" height=\"1016\" srcset=\"https:\/\/atlantel.com.kh\/wp-content\/uploads\/2017\/12\/CF-E380AC-10.jpg 900w, https:\/\/atlantel.com.kh\/wp-content\/uploads\/2017\/12\/CF-E380AC-10-300x339.jpg 300w, https:\/\/atlantel.com.kh\/wp-content\/uploads\/2017\/12\/CF-E380AC-10-768x867.jpg 768w\" sizes=\"(max-width: 900px) 100vw, 900px\" \/><img decoding=\"async\" loading=\"lazy\" class=\"aligncenter size-full wp-image-247\" src=\"http:\/\/atlantel.com.kh\/wp-content\/uploads\/2017\/12\/CF-E380AC-11.jpg\" alt=\"\" width=\"900\" height=\"1519\" srcset=\"https:\/\/atlantel.com.kh\/wp-content\/uploads\/2017\/12\/CF-E380AC-11.jpg 900w, https:\/\/atlantel.com.kh\/wp-content\/uploads\/2017\/12\/CF-E380AC-11-300x506.jpg 300w, https:\/\/atlantel.com.kh\/wp-content\/uploads\/2017\/12\/CF-E380AC-11-768x1296.jpg 768w\" sizes=\"(max-width: 900px) 100vw, 900px\" \/><\/p>\n","protected":false},"excerpt":{"rendered":"<h1>CF-E380AC<\/h1>\n<p>High Power High Density High Concurrency High Tape Machine1750Mbps Double Frequency Wireless Ceiling AP<\/p>\n","protected":false},"featured_media":236,"comment_status":"open","ping_status":"closed","template":"","meta":{"_mi_skip_tracking":false,"_exactmetrics_sitenote_active":false,"_exactmetrics_sitenote_note":"","_exactmetrics_sitenote_category":0},"_links":{"self":[{"href":"https:\/\/atlantel.com.kh\/index.php?rest_route=\/wp\/v2\/product\/235"}],"collection":[{"href":"https:\/\/atlantel.com.kh\/index.php?rest_route=\/wp\/v2\/product"}],"about":[{"href":"https:\/\/atlantel.com.kh\/index.php?rest_route=\/wp\/v2\/types\/product"}],"replies":[{"embeddable":true,"href":"https:\/\/atlantel.com.kh\/index.php?rest_route=%2Fwp%2Fv2%2Fcomments&post=235"}],"wp:featuredmedia":[{"embeddable":true,"href":"https:\/\/atlantel.com.kh\/index.php?rest_route=\/wp\/v2\/media\/236"}],"wp:attachment":[{"href":"https:\/\/atlantel.com.kh\/index.php?rest_route=%2Fwp%2Fv2%2Fmedia&parent=235"}],"curies":[{"name":"wp","href":"https:\/\/api.w.org\/{rel}","templated":true}]}}