{"id":1490,"date":"2019-11-08T10:22:13","date_gmt":"2019-11-08T03:22:13","guid":{"rendered":"http:\/\/atlantel.com.kh\/?post_type=product&#038;p=1490"},"modified":"2019-11-13T18:00:08","modified_gmt":"2019-11-13T11:00:08","slug":"jw3302f-optical-time-domain-reflectometer-otdr","status":"publish","type":"product","link":"https:\/\/atlantel.com.kh\/?product=jw3302f-optical-time-domain-reflectometer-otdr","title":{"rendered":"JW3302F \u17a7\u1794\u1780\u179a\u178e\u17cd\u1786\u17d2\u179b\u17bb\u17c7\u1794\u1789\u17d2\u1785\u17b6\u17c6\u1784\u178a\u17c2\u1793\u17a2\u17bb\u1794\u1791\u17b7\u1780\u1796\u17c1\u179b\u179c\u17c1\u179b\u17b6 (OTDR)"},"content":{"rendered":"<p><\/p>\n<div>\n<p>\u17a7\u1794\u1780\u179a\u178e\u17cd\u1786\u17d2\u179b\u17bb\u17c7\u1794\u1789\u17d2\u1785\u17b6\u17c6\u1784\u178a\u17c2\u1793\u17a2\u17bb\u1794\u1791\u17b7\u1780\u1796\u17c1\u179b\u179c\u17c1\u179b\u17b6 JW3302F (OTDR) \u1787\u17b6\u17a7\u1794\u1780\u179a\u178e\u17cd\u1786\u17d2\u179b\u17b6\u178f\u179c\u17c3\u1787\u17c6\u1793\u17b6\u1793\u17cb\u1790\u17d2\u1798\u17b8\u179f\u1798\u17d2\u179a\u17b6\u1794\u17cb\u179a\u1780\u1794\u17d2\u179a\u1796\u17d0\u1793\u17d2\u1792\u1796\u17d0\u178f\u17cc\u1798\u17b6\u1793\u1787\u17b6\u178f\u17b7\u179f\u179a\u179f\u17c3\u17d4 \u1787\u17b6\u1798\u17bd\u1799<br \/>\n\u1793\u17ba\u1784\u1794\u17d2\u179a\u1787\u17b6\u1794\u17d2\u179a\u17b7\u1799\u1797\u17b6\u1796\u1793\u17bc\u179c\u1780\u17b6\u179a\u179f\u17d2\u1790\u17b6\u1794\u1793\u17b6\u1794\u178e\u17d2\u178f\u17b6\u1789\u17a2\u17bb\u1794\u1791\u17b7\u1780\u1793\u17c5\u1780\u17d2\u1793\u17bb\u1784\u1791\u17b8\u1780\u17d2\u179a\u17bb\u1784\u1793\u17b7\u1784\u178f\u17c6\u1794\u1793\u17cb\u1787\u1793\u1794\u1791 \u1780\u17b6\u179a\u179c\u17b6\u179f\u17cb\u179c\u17c2\u1784\u1794\u178e\u17d2\u178f\u17b6\u1789\u17a2\u17bb\u1794\u1791\u17b7\u1780\u1780\u17d2\u179b\u17b6\u1799\u1791\u17c5\u1787\u17b6\u1781\u17d2\u179b\u17b8\u1793\u17b7\u1784\u1794\u17c2\u1780\u1781\u17d2\u1785\u17b6\u178f\u17cb\u1781\u17d2\u1785\u17b6\u1799; JW3302F \u178f\u17d2\u179a\u17bc\u179c\u1794\u17b6\u1793\u179a\u1785\u1793\u17b6\u17a1\u17be\u1784\u1799\u17c9\u17b6\u1784\u1796\u17b7\u179f\u17c1\u179f\u179f\u1798\u17d2\u179a\u17b6\u1794\u17cb\u1794\u17d2\u179a\u1797\u17c1\u1791\u1793\u17c3\u1780\u1798\u17d2\u1798\u179c\u17b7\u1792\u17b8\u1793\u17c4\u17c7\u17d4 \u179c\u17b6\u1798\u17b6\u1793\u179b\u1780\u17d2\u1781\u178e\u17c8\u179f\u1793\u17d2\u179f\u17c6\u179f\u17c6\u1785\u17c3\u1798\u17b6\u1793\u178a\u17c6\u178e\u17be\u179a\u1780\u17b6\u179a\u179b\u17c1\u1785\u1792\u17d2\u179b\u17c4\u17d4<br \/>\nJW3302F \u178f\u17d2\u179a\u17bc\u179c\u1794\u17b6\u1793\u1795\u179b\u17b7\u178f\u1794\u17d2\u179a\u1780\u1794\u178a\u17c4\u1799\u1797\u17b6\u1796\u17a2\u178f\u17cb\u1792\u17d2\u1798\u178f\u17cb\u1793\u17b7\u1784\u1799\u1780\u1785\u17b7\u178f\u17d2\u178f\u1791\u17bb\u1780\u178a\u17b6\u1780\u17cb\u179f\u17d2\u179a\u1794\u178f\u17b6\u1798\u179f\u17d2\u178f\u1784\u17cb\u178a\u17b6\u179a\u1787\u17b6\u178f\u17b7\u178a\u17be\u1798\u17d2\u1794\u17b8\u179a\u17bd\u1798\u1794\u1789\u17d2\u1785\u17bc\u179b\u1794\u1791\u1796\u17b7\u179f\u17c4\u1792\u1793\u17cd\u1793\u17b7\u1784\u1794\u1785\u17d2\u1785\u17c1\u1780\u179c\u17b7\u1787\u17d2\u1787\u17b6\u1791\u17c6\u1793\u17be\u1794\u178a\u17c2\u179b\u179f\u17c6\u1794\u17bc\u179a\u1791\u17c5\u178a\u17c4\u1799\u1780\u17b6\u179a\u1792\u17d2\u179c\u17be\u178f\u17c1\u179f\u17d2\u178f\u1798\u17c1\u1780\u17b6\u1793\u17b7\u1785\u1799\u17c9\u17b6\u1784\u1798\u17c9\u178f\u17cb\u1785\u178f\u17cb\u17d4 \u17a2\u17c1\u17a1\u17b7\u1785\u178f\u17d2\u179a\u17bc\u1793\u17b7\u1785\u17a2\u17bb\u1794\u1791\u17b7\u1780\u1790\u17d2\u1798\u17b8\u1793\u17b7\u1784\u1780\u17b6\u179a\u1792\u17b6\u1793\u17b6\u1782\u17bb\u178e\u1797\u17b6\u1796\u1781\u17d2\u1796\u179f\u17cb\u17d4 \u1793\u17c5\u1780\u17d2\u1793\u17bb\u1784\u179c\u17b7\u1792\u17b8\u1795\u17d2\u179f\u17c1\u1784\u1782\u17d2\u1793\u17b6 \u1780\u17b6\u179a\u179a\u1785\u1793\u17b6\u1790\u17d2\u1798\u17b8\u1792\u17d2\u179c\u17be\u17b1\u17d2\u1799 JW3302F \u1786\u17d2\u179b\u17b6\u178f\u179c\u17c3\u200b \u178f\u179f\u17d2\u179a\u17b6\u179b\u200b \u1793\u17b7\u1784\u1794\u17d2\u179a\u17cb\u17be\u1794\u17b6\u1793\u1785\u17d2\u179a\u17be\u1793\u1794\u17c6\u178e\u1784\u1791\u17c0\u178f\u17d4<br \/>\n\u1798\u17b7\u1793\u1790\u17b6\u17a2\u17d2\u1793\u1780\u1785\u1784\u17cb\u179a\u1780\u1783\u17be\u1789\u179f\u17d2\u179a\u1791\u17b6\u1794\u17cb\u178f\u17c6\u178e\u1780\u17d2\u1793\u17bb\u1784\u17a2\u17c6\u17a1\u17bb\u1784\u1796\u17c1\u179b\u179f\u17b6\u1784\u179f\u1784\u17cb\u1793\u17b7\u1784\u178f\u17c6\u17a1\u17be\u1784\u1794\u178e\u17d2\u178f\u17b6\u1789\u17a2\u17bb\u1794\u1791\u17b7\u1780\u17ac\u17a2\u1793\u17bb\u179c\u178f\u17d2\u178f\u1780\u17b6\u179a\u1790\u17c2\u179a\u1780\u17d2\u179f\u17b6\u1793\u17b7\u1784\u178a\u17c4\u17c7\u179f\u17d2\u179a\u17b6\u1799\u1794\u1789\u17d2\u17a0\u17b6\u1794\u17d2\u179a\u1780\u1794\u178a\u17c4\u1799\u1794\u17d2\u179a\u179f\u17b7\u1791\u17d2\u1792\u1797\u17b6\u1796 JW3302F \u17a2\u17b6\u1785\u1787\u17b6\u1787\u17c6\u1793\u17bd\u1799\u1780\u17b6\u179a\u178a\u17cf\u179b\u17d2\u17a2\u1794\u17c6\u1795\u17bb\u178f\u179a\u1794\u179f\u17cb\u17a2\u17d2\u1793\u1780\u17d4<\/p>\n<p>\u1780\u1798\u17d2\u1798\u179c\u17b7\u1792\u17b8\u17d6<\/p>\n<p>\u200b\u200b\u1780\u17b6\u179a\u1790\u17c2\u1791\u17b6\u17c6\u1780\u17d2\u1793\u17bb\u1784\u179c\u17b7\u179f\u17d0\u1799\u1791\u17bc\u179a\u1782\u1798\u1793\u17b6\u1782\u1798\u1793\u17cd<br \/>\n\u1780\u17b6\u179a\u1790\u17c2\u1791\u17b6\u17c6 CATV<br \/>\n\u1780\u17b6\u179a\u1792\u17d2\u179c\u17be\u178f\u17c1\u179f\u17d2\u178f\u1798\u1793\u17d2\u1791\u17b8\u179a\u1796\u17b7\u179f\u17c4\u1792\u1793\u17cd\u179f\u179a\u179f\u17c3\u17a2\u17bb\u1794\u1791\u17b7\u1780<br \/>\n\u1780\u17b6\u179a\u179c\u17b6\u179f\u17cb\u179c\u17c2\u1784\u179f\u179a\u179f\u17c3\u1795\u17d2\u179f\u17c1\u1784\u1791\u17c0\u178f<\/p>\n<p>\u1791\u17b7\u1793\u17d2\u1793\u1793\u17d0\u1799\u1794\u1785\u17d2\u1785\u17c1\u1780\u1791\u17c1\u179f<\/p>\n<\/div>\n<div>\n<table width=\"100%\">\n<tbody>\n<tr class=\"firstRow\">\n<td valign=\"top\" width=\"148\">Dimension<\/td>\n<td valign=\"top\" width=\"408\">253\u00d7168\u00d773.6mm1.5kg (battery included)<\/td>\n<\/tr>\n<tr>\n<td valign=\"top\" width=\"148\">Display<\/td>\n<td valign=\"top\" width=\"408\">7 inch TFT-LCD with LED backlight (touch screen function is optional)<\/td>\n<\/tr>\n<tr>\n<td valign=\"top\" width=\"148\">Interface<\/td>\n<td valign=\"top\" width=\"408\">1\u00d7RJ45 port, 3\u00d7USB port (USB 2.0, Type A USB\u00d72, Type B USB\u00d71)<\/td>\n<\/tr>\n<tr>\n<td valign=\"top\" width=\"148\">Power Supply<\/td>\n<td valign=\"top\" width=\"408\">10V(dc), 100V(ac) to 240V(ac), 50~60Hz<\/td>\n<\/tr>\n<tr>\n<td valign=\"top\" width=\"148\">Battery<\/td>\n<td valign=\"top\" width=\"408\">7.4V(dc)\/4.4Ah lithium battery (with air traffic certification)<\/p>\n<p>Operating time: 12 hours, Telcordia GR-196-CORE<\/p>\n<p>Charging time: &lt;4 hours (power off)<\/td>\n<\/tr>\n<tr>\n<td valign=\"top\" width=\"148\">Power Saving<\/td>\n<td valign=\"top\" width=\"408\">Backlight off: Disable\/1 to 99 minutes<\/p>\n<p>Auto shutdown: Disable\/1 to 99 minutes<\/td>\n<\/tr>\n<tr>\n<td valign=\"top\" width=\"148\">Data Storage<\/td>\n<td valign=\"top\" width=\"408\">Internal memory: 4GB (about 40,000 groups of curves)<\/td>\n<\/tr>\n<tr>\n<td valign=\"top\" width=\"148\">Language<\/td>\n<td valign=\"top\" width=\"408\">User selectable (English, Simplified Chinese, traditional Chinese, French, Korean, Russian, Spanish and Portuguese-contact us for availability of others)<\/td>\n<\/tr>\n<tr>\n<td valign=\"top\" width=\"148\">Environmental Conditions<\/td>\n<td valign=\"top\" width=\"408\">Operating temperature and humidity: -10\u2103~+50\u2103, \u226495% (non-condensation)Storage temperature and humidity: -20\u2103~+75\u2103, \u226495% (non-condensation)Proof: IP65 (IEC60529)<\/td>\n<\/tr>\n<tr>\n<td valign=\"top\" width=\"148\">Accessories<\/td>\n<td valign=\"top\" width=\"408\">Standard: Main unit, power adapter, Lithium battery, FC adapter, USB cord, User guide, CD disk, carrying caseOptional: SC\/ST\/LC adapter, Bare fiber adapter<\/td>\n<\/tr>\n<\/tbody>\n<\/table>\n<p>\u1780\u1789\u17d2\u1785\u1794\u17cb\u179f\u17d2\u178f\u1784\u17cb\u178a\u17b6\u179a\u17d6<\/p>\n<ul>\n<li>Main unit,<\/li>\n<li>power adapter,<\/li>\n<li>Lithium battery,<\/li>\n<li>FC adapter,<\/li>\n<li>USB cord,<\/li>\n<li>User guide,<\/li>\n<li>CD disk,<\/li>\n<li>carrying case<\/li>\n<li>Optional: SC\/ST\/LC adapter,<\/li>\n<li>Bare fiber adapter<\/li>\n<\/ul>\n<\/div>\n<p><\/p>","protected":false},"excerpt":{"rendered":"<p>JW3302F \u17a7\u1794\u1780\u179a\u178e\u17cd\u1786\u17d2\u179b\u17bb\u17c7\u1794\u1789\u17d2\u1785\u17b6\u17c6\u1784\u178a\u17c2\u1793\u17a2\u17bb\u1794\u1791\u17b7\u1780\u1796\u17c1\u179b\u179c\u17c1\u179b\u17b6 (OTDR)<\/p>\n<p>\u179b\u1780\u17d2\u1781\u178e\u17c8\u1796\u17b7\u179f\u17c1\u179f<\/p>\n<p>* \u1780\u17b6\u179a\u179a\u1785\u1793\u17b6\u179a\u17bd\u1798\u1794\u1789\u17d2\u1785\u17bc\u179b\u1786\u17d2\u179b\u17b6\u178f\u179c\u17c3\u1793\u17b7\u1784\u179a\u17b9\u1784\u1798\u17b6\u17c6<\/p>\n<p>* \u1780\u17c6\u179a\u17b7\u178f\u1780\u17b6\u179a\u1796\u17b6\u179a\u1794\u1784\u17d2\u1780\u17be\u1793\u1793\u17c5\u1781\u17b6\u1784\u1780\u17d2\u179a\u17c5<\/p>\n<p>* \u17a2\u17c1\u1780\u17d2\u179a\u1784\u17cb LCD \u1791\u17c6\u17a0\u17c6 \u17e7 \u17a2\u17ca\u17b8\u1789\u1794\u17d2\u179a\u1786\u17b6\u17c6\u1784\u1793\u17b9\u1784\u1780\u17b6\u179a\u1786\u17d2\u179b\u17bb\u17c7\u1794\u1789\u17d2\u1785\u17b6\u17c6\u1784<\/p>\n<p>* \u1798\u17c9\u17bc\u178c\u17bb\u179b\u178f\u17c1\u179f\u17d2\u178f\u17a2\u17ca\u17b8\u1793\u1792\u17ba\u178e\u17c1\u178f PON (\u17e1\u17e6\u17e2\u17e5nm) \u1782\u17ba\u179f\u17d2\u179a\u17c1\u1785\u1785\u17b7\u178f\u17d2\u178f<\/p>\n<p>* \u1798\u17b6\u1793\u1794\u1784\u17d2\u17a0\u17b6\u1789\u1796\u17a0\u17bb\u1797\u17b6\u179f\u17b6\u1793\u17b7\u1784\u1794\u1789\u17d2\u1785\u17bc\u179b<\/p>\n","protected":false},"featured_media":1494,"comment_status":"open","ping_status":"closed","template":"","meta":{"_mi_skip_tracking":false,"_exactmetrics_sitenote_active":false,"_exactmetrics_sitenote_note":"","_exactmetrics_sitenote_category":0},"_links":{"self":[{"href":"https:\/\/atlantel.com.kh\/index.php?rest_route=\/wp\/v2\/product\/1490"}],"collection":[{"href":"https:\/\/atlantel.com.kh\/index.php?rest_route=\/wp\/v2\/product"}],"about":[{"href":"https:\/\/atlantel.com.kh\/index.php?rest_route=\/wp\/v2\/types\/product"}],"replies":[{"embeddable":true,"href":"https:\/\/atlantel.com.kh\/index.php?rest_route=%2Fwp%2Fv2%2Fcomments&post=1490"}],"wp:featuredmedia":[{"embeddable":true,"href":"https:\/\/atlantel.com.kh\/index.php?rest_route=\/wp\/v2\/media\/1494"}],"wp:attachment":[{"href":"https:\/\/atlantel.com.kh\/index.php?rest_route=%2Fwp%2Fv2%2Fmedia&parent=1490"}],"curies":[{"name":"wp","href":"https:\/\/api.w.org\/{rel}","templated":true}]}}