{"id":1480,"date":"2019-11-08T09:44:20","date_gmt":"2019-11-08T02:44:20","guid":{"rendered":"http:\/\/atlantel.com.kh\/?post_type=product&#038;p=1480"},"modified":"2019-11-23T17:35:35","modified_gmt":"2019-11-23T10:35:35","slug":"handheld-optical-fiber-identifier-jw3306b","status":"publish","type":"product","link":"https:\/\/atlantel.com.kh\/?product=handheld-optical-fiber-identifier-jw3306b","title":{"rendered":"\u17a7\u1794\u1780\u179a\u178e\u17cd\u1780\u17c6\u178e\u178f\u17cb\u17a2\u178f\u17d2\u178f\u179f\u1789\u17d2\u1789\u17b6\u178e\u1787\u17b6\u178f\u17b7\u179f\u179a\u179f\u17c3\u17a2\u17bb\u1794\u1791\u17b7\u1780 JW3306B"},"content":{"rendered":"<p><\/p>\n<div>\n<p>\u17a7\u1794\u1780\u179a\u178e\u17cd\u1780\u17c6\u178e\u178f\u17cb\u17a2\u178f\u17d2\u178f\u179f\u1789\u17d2\u1789\u17b6\u178e\u1787\u17b6\u178f\u17b7\u179f\u179a\u179f\u17c3\u17a2\u17bb\u1794\u1791\u17b7\u1780 JW3306B \u17a2\u17b6\u1785\u1780\u17c6\u178e\u178f\u17cb\u1791\u17b7\u179f\u178a\u17c5\u1794\u17b6\u1793\u179b\u17bf\u1793\u1793\u17b7\u1784\u1794\u1784\u17d2\u17a0\u17b6\u1789\u1790\u17b6\u1798\u1796\u179b\u178a\u17c2\u179b\u1791\u17b6\u1780\u17cb\u1791\u1784\u178a\u17c4\u1799\u1798\u17b7\u1793\u1798\u17b6\u1793\u1780\u17b6\u179a\u1781\u17bc\u1785\u1781\u17b6\u178f\u178a\u179b\u17cb\u179f\u179a\u179f\u17c3\u1796\u178f\u17cb\u17a1\u17be\u1799\u17d4 \u1793\u17c5\u1796\u17c1\u179b\u178a\u17c2\u179b\u1780\u17b6\u179a\u1787\u17bd\u1789\u178a\u17bc\u179a\u1798\u17b6\u1793\u179f\u1798\u17d2\u179b\u17c1\u1784\u178a\u17c2\u179b\u17a2\u17b6\u1785\u179f\u17d2\u178f\u17b6\u1794\u17cb\u1794\u17b6\u1793\u1797\u17d2\u179b\u17b6\u1798\u17d7\u17d4<br \/>\n\u17a7\u1794\u1780\u179a\u178e\u17cd\u179f\u1798\u17d2\u1782\u17b6\u179b\u17cb\u1787\u17b6\u178f\u17b7\u179f\u179a\u179f\u17c3\u17a2\u17bb\u1794\u1791\u17b7\u1780\u1794\u17d2\u179a\u1797\u17c1\u1791 JW3306B \u1794\u1784\u17d2\u1780\u17be\u178f\u17a1\u17be\u1784\u179c\u17b7\u1789\u1793\u17bc\u179c\u1798\u17c9\u17bc\u178c\u17bb\u179b\u178a\u17bc\u1785\u1787\u17b6 270Hz, 1kHz \u1793\u17b7\u1784 2kHz \u17d4 \u1793\u17c5\u1796\u17c1\u179b\u178a\u17c2\u179b\u1796\u17bd\u1780\u1782\u17c1\u178f\u17d2\u179a\u17bc\u179c\u1794\u17b6\u1793\u1794\u17d2\u179a\u17be\u178a\u17be\u1798\u17d2\u1794\u17b8\u179a\u1780\u1794\u17d2\u179a\u17c1\u1780\u1784\u17cb\u179f\u1798\u17d2\u179b\u17c1\u1784\u178a\u17c2\u179b\u17a2\u17b6\u1785\u179f\u17d2\u178f\u17b6\u1794\u17cb\u1794\u17b6\u1793\u178f\u17d2\u179a\u17bc\u179c\u1794\u17b6\u1793\u1792\u17d2\u179c\u17be\u17b1\u17d2\u1799\u179f\u1780\u1798\u17d2\u1798\u17d4 \u17e0 \u1793\u17b7\u1784 .0\u17e3.\u17e0 \u17d4\u200b \u17a7\u1794\u1780\u179a\u178e\u17cd\u179f\u1798\u17d2\u1782\u17b6\u179b\u17cb\u1787\u17b6\u178f\u17b7\u179f\u179a\u179f\u17c3\u17a2\u17bb\u1794\u1791\u17b7\u1780 JW3306A \u178f\u17d2\u179a\u17bc\u179c\u1794\u17b6\u1793\u1794\u17c6\u1796\u17b6\u1780\u17cb\u178a\u17c4\u1799\u17a2\u17b6\u1782\u17bb\u1799\u17a2\u17b6\u179b\u17cb\u1780\u17b6\u17a1\u17b6\u17c6\u1784 9V<\/p>\n<p>\u1780\u17b6\u179a\u1780\u1798\u17d2\u1798\u179c\u17b7\u1792\u17b8\u17d6<\/p>\n<p>\u1790\u17c2\u1791\u17b6\u17c6\u1791\u17bc\u179a\u1782\u1798\u1793\u17b6\u1782\u1798\u1793\u17cd<br \/>\n\u178f\u17c6\u17a0\u17c2\u1791\u17b6\u17c6 CATV<br \/>\n\u1780\u17b6\u179a\u1792\u17d2\u179c\u17be\u178f\u17c1\u179f\u17d2\u178f\u1798\u1793\u17d2\u1791\u17b8\u179a\u1796\u17b7\u179f\u17c4\u1792\u1793\u17cd\u1787\u17b6\u178f\u17b7\u179f\u179a\u179f\u17c3\u17a2\u17bb\u1794\u1791\u17b7\u1780<br \/>\n\u1780\u17b6\u179a\u179c\u17b6\u179f\u17cb\u179c\u17c2\u1784\u17a2\u17bb\u1794\u1791\u17b7\u1780\u1795\u17d2\u179f\u17c1\u1784\u1791\u17c0\u178f<br \/>\n\u179b\u1780\u17d2\u1781\u178e\u17c8\u1796\u17b7\u179f\u17c1\u179f<\/p>\n<\/div>\n<div>\n<table width=\"100%\" data-sort=\"sortDisabled\">\n<tbody>\n<tr class=\"firstRow\">\n<td valign=\"top\" width=\"195\">Type<\/td>\n<td colspan=\"2\" rowspan=\"1\" valign=\"top\" width=\"411\">JW3306B<\/td>\n<\/tr>\n<tr>\n<td valign=\"top\" width=\"195\">Identified Wavelength Range<\/td>\n<td colspan=\"2\" rowspan=\"1\" valign=\"top\" width=\"411\">800-1700nm<\/td>\n<\/tr>\n<tr>\n<td valign=\"top\" width=\"195\">\u00a0Identified Signal Type<\/td>\n<td colspan=\"2\" rowspan=\"1\" valign=\"top\" width=\"411\">CW, 270Hz\u00b15%\uff0c1kHz\u00b15%\uff0c2kHz\u00b15%<\/td>\n<\/tr>\n<tr>\n<td valign=\"top\" width=\"195\">Detector Type<\/td>\n<td colspan=\"2\" rowspan=\"1\" valign=\"top\" width=\"411\">\u00d81mm InGaAs 2pcs<\/td>\n<\/tr>\n<tr>\n<td valign=\"top\" width=\"195\">Adapter Type<\/td>\n<td colspan=\"2\" rowspan=\"1\" valign=\"top\" width=\"411\">\u00d80.25 (Applicable for Bare Fiber)\uff0c\u00d80.9 (Applicable for \u00d80.9 Cable)<\/p>\n<p>\u00d82.0 (Applicable for \u00d82.0 Cable ), \u00d83.0 (Applicable for \u00d83.0 Cable )<\/td>\n<\/tr>\n<tr>\n<td valign=\"top\" width=\"195\">Signal Direction<\/td>\n<td colspan=\"2\" rowspan=\"1\" valign=\"top\" width=\"411\">Left &amp; Right LED<\/td>\n<\/tr>\n<tr>\n<td colspan=\"1\" rowspan=\"2\" align=\"left\" valign=\"middle\" width=\"195\">Singe Direction Test Range<\/p>\n<p>(dBm, CW\/0.9mm bare fiber)<\/td>\n<td colspan=\"2\" rowspan=\"1\" valign=\"top\" width=\"411\">-46~10(1310nm)<\/td>\n<\/tr>\n<tr>\n<td colspan=\"2\" rowspan=\"1\" valign=\"top\" width=\"411\">-50~10(1550nm)<\/td>\n<\/tr>\n<tr>\n<td valign=\"top\" width=\"195\">Signal Power Test Range<\/p>\n<p>(dBm, CW\/0.9mm bare fiber)<\/td>\n<td colspan=\"2\" rowspan=\"1\" align=\"left\" valign=\"middle\" width=\"411\">-50~+10<\/td>\n<\/tr>\n<tr>\n<td valign=\"top\" width=\"195\">Signal Frequency Display (Hz)<\/td>\n<td colspan=\"2\" rowspan=\"1\" valign=\"top\" width=\"411\">270, 1k, 2k<\/td>\n<\/tr>\n<tr>\n<td colspan=\"1\" rowspan=\"4\" align=\"left\" valign=\"middle\" width=\"195\">Frequency Test Range<\/p>\n<p>(dBm, Average Value)<\/td>\n<td colspan=\"1\" rowspan=\"2\" align=\"left\" valign=\"middle\" width=\"203\">\u00d80.9, \u00d82.0, \u00d83.0<\/td>\n<td valign=\"top\" width=\"204\">-30~0 (270Hz,1KHz)<\/td>\n<\/tr>\n<tr>\n<td valign=\"top\" width=\"204\">-25~0 (2KHz)<\/td>\n<\/tr>\n<tr>\n<td colspan=\"1\" rowspan=\"2\" align=\"left\" valign=\"middle\" width=\"203\">\u00d80.25<\/td>\n<td valign=\"top\" width=\"204\">-25~0 (1KHz,2KHz)<\/td>\n<\/tr>\n<tr>\n<td valign=\"top\" width=\"204\">-20~0 (2KHz)<\/td>\n<\/tr>\n<tr>\n<td colspan=\"1\" rowspan=\"2\" align=\"left\" valign=\"middle\" width=\"195\">Insertion Loss(dB, Typical Value)<\/td>\n<td colspan=\"2\" rowspan=\"1\" valign=\"top\" width=\"411\">0.8 (1310nm)<\/td>\n<\/tr>\n<tr>\n<td colspan=\"2\" rowspan=\"1\" valign=\"top\" width=\"411\">2.5 (1550nm)<\/td>\n<\/tr>\n<tr>\n<td valign=\"top\" width=\"195\">Alkaline Battry(V)<\/td>\n<td colspan=\"2\" rowspan=\"1\" valign=\"top\" width=\"411\">9<\/td>\n<\/tr>\n<tr>\n<td valign=\"top\" width=\"195\">Operating Temperature(\u2103)<\/td>\n<td colspan=\"2\" rowspan=\"1\" valign=\"top\" width=\"411\">-10\uff0d+60<\/td>\n<\/tr>\n<tr>\n<td valign=\"top\" width=\"195\">Storage Temperature(\u2103)<\/td>\n<td colspan=\"2\" rowspan=\"1\" valign=\"top\" width=\"411\">-25\uff0d+70<\/td>\n<\/tr>\n<tr>\n<td valign=\"top\" width=\"195\">Dimension (mm)<\/td>\n<td colspan=\"2\" rowspan=\"1\" valign=\"top\" width=\"411\">196X30.5X27<\/td>\n<\/tr>\n<tr>\n<td valign=\"top\" width=\"195\">Weight (g)<\/td>\n<td colspan=\"2\" rowspan=\"1\" valign=\"top\" width=\"411\">200<\/td>\n<\/tr>\n<\/tbody>\n<\/table>\n<p><strong>Standard Packages<\/strong><\/p>\n<ul>\n<li>JW3306B Optical Fiber Identifier,<\/li>\n<li>4pcs adapter heads,<\/li>\n<li>Sunshade,<\/li>\n<li>Alkaline battery,<\/li>\n<li>User Manual,<\/li>\n<li>Cotton Stick and Soft Carrying case.<\/li>\n<\/ul>\n<\/div>\n<p><\/p>","protected":false},"excerpt":{"rendered":"<p>\u179b\u1780\u17d2\u1781\u178e\u17c8\u1796\u17b7\u179f\u17c1\u179f<\/p>\n<ul>\n<li>\u1784\u17b6\u1799\u179f\u17d2\u179a\u17bd\u179b\u1794\u17d2\u179a\u17be\u1787\u17b6\u1798\u17bd\u1799\u1794\u17d2\u179a\u178f\u17b7\u1794\u178f\u17d2\u178f\u17b7\u1780\u17b6\u179a (ONE KEY)<\/li>\n<li>\u1798\u17b6\u1793\u1794\u17d2\u179a\u179f\u17b7\u1791\u17d2\u1792\u17b7\u1797\u17b6\u1796\u1780\u17c6\u178e\u178f\u17cb\u1791\u17b7\u179f\u178a\u17c5\u1785\u179a\u17b6\u1785\u179a\u178e\u17cd\u1793\u17b7\u1784\u179f\u1798\u17d2\u179b\u17c1\u1784\u1794\u17d2\u179a\u17c1\u1780\u1784\u17cb (\u17e2\u17e7\u17e0Hz, \u17e1KHz, \u17e2KHz) \u1787\u17b6\u1798\u17bd\u1799\u1793\u17b9\u1784\u1780\u17b6\u179a\u1796\u17d2\u179a\u1798\u17b6\u1793\u178a\u17c2\u179b\u17a2\u17b6\u1785\u179f\u17d2\u178f\u17b6\u1794\u17cb\u1794\u17b6\u1793\u17d4<\/li>\n<li>\u1794\u1784\u17d2\u17a0\u17b6\u1789\u1790\u17b6\u1798\u1796\u179b\u179f\u17d2\u1793\u17bc\u179b\u178a\u17c2\u179b\u1791\u17b6\u1780\u17cb\u1791\u1784<\/li>\n<li>\u1780\u17b6\u179a\u1792\u17d2\u179c\u17be\u178f\u17c1\u179f\u17d2\u178f\u178f\u17d2\u179a\u17b9\u1798\u178f\u17d2\u179a\u17bc\u179c\u1787\u17b6\u1784\u1793\u17c1\u17c7\u1787\u17b6\u1798\u17bd\u1799\u200b Sunshade<\/li>\n<li>\u17a2\u17b6\u178a\u17b6\u1794\u17cb\u1792\u17d0\u179a\u1784\u17b6\u1799\u179f\u17d2\u179a\u17bd\u179b\u1787\u17c6\u1793\u17bd\u179f<\/li>\n<li>\u179b\u17c6\u1793\u17c5\u178a\u17d2\u178b\u17b6\u1793\u178a\u17c2\u1780\u1794\u17d2\u179a\u17be\u1794\u17b6\u1793\u1799\u17bc\u179a\u1793\u17b7\u1784\u179f\u17c6\u178e\u1784\u17cb\u178a\u17c2\u179b\u1798\u17b6\u1793\u1782\u17bb\u178e\u1797\u17b6\u1796<\/li>\n<li>\u1780\u17b6\u179a\u1794\u1784\u17d2\u17a0\u17b6\u1789\u1790\u17b6\u1798\u1796\u179b\u1791\u17b6\u1794<\/li>\n<\/ul>\n","protected":false},"featured_media":1481,"comment_status":"open","ping_status":"closed","template":"","meta":{"_mi_skip_tracking":false,"_exactmetrics_sitenote_active":false,"_exactmetrics_sitenote_note":"","_exactmetrics_sitenote_category":0},"_links":{"self":[{"href":"https:\/\/atlantel.com.kh\/index.php?rest_route=\/wp\/v2\/product\/1480"}],"collection":[{"href":"https:\/\/atlantel.com.kh\/index.php?rest_route=\/wp\/v2\/product"}],"about":[{"href":"https:\/\/atlantel.com.kh\/index.php?rest_route=\/wp\/v2\/types\/product"}],"replies":[{"embeddable":true,"href":"https:\/\/atlantel.com.kh\/index.php?rest_route=%2Fwp%2Fv2%2Fcomments&post=1480"}],"wp:featuredmedia":[{"embeddable":true,"href":"https:\/\/atlantel.com.kh\/index.php?rest_route=\/wp\/v2\/media\/1481"}],"wp:attachment":[{"href":"https:\/\/atlantel.com.kh\/index.php?rest_route=%2Fwp%2Fv2%2Fmedia&parent=1480"}],"curies":[{"name":"wp","href":"https:\/\/api.w.org\/{rel}","templated":true}]}}