{"id":144,"date":"2017-12-05T14:15:55","date_gmt":"2017-12-05T07:15:55","guid":{"rendered":"http:\/\/rennell.local\/?post_type=product&#038;p=144"},"modified":"2019-05-31T13:15:56","modified_gmt":"2019-05-31T06:15:56","slug":"cf-wr610n","status":"publish","type":"product","link":"https:\/\/atlantel.com.kh\/?product=cf-wr610n","title":{"rendered":"Wireless Router CF-WR610N"},"content":{"rendered":"<p>&nbsp;<\/p>\n<ul>\n<li>Wireless Router CF-WR610N s\u1eed d\u1ee5ng c\u00f4ng ngh\u1ec7 chipset c\u1ee7a\u00a0Qualcomm v\u1edbi chip\u00a0QCA9531 l\u00e0 bi\u1ec3u t\u01b0\u1ee3ng c\u1ee7a Chipset ch\u1ea5t l\u01b0\u1ee3ng cao trong c\u00e1c thi\u1ebft b\u1ecb Wifi th\u01b0\u01a1ng m\u1ea1i s\u1ebd cho thi\u1ebft b\u1ecb ho\u1ea1t \u0111\u1ed9ng v\u1edbi hi\u1ec7u n\u0103ng cao.<\/li>\n<li>Hai Anten g\u1eafn ngo\u00e0i c\u00f3 kh\u1ea3 n\u0103ng truy\u1ec1n d\u1eef li\u1ec7u \u0111\u1ed9c l\u1eadp v\u1edbi \u0111\u1ed9 l\u1ee3i\u00a07dBi s\u1ebd \u0111\u1ea3m b\u1ea3o v\u00f9ng ph\u1ee7 s\u00f3ng r\u1ed9ng v\u00e0 t\u00edn hi\u1ec7u Wifi \u1ed5n \u0111\u1ecbnh.<\/li>\n<li>D\u1ec5 d\u00e0ng c\u00e0i \u0111\u1eb7t v\u00e0 qu\u1ea3n l\u00fd v\u1edbi ph\u1ea7n m\u1ec1m t\u00edch h\u1ee3p s\u1eb5n c\u1ee7a h\u00e3ng. T\u01b0\u01a1ng th\u00edch v\u1edbi nhi\u1ec1u thi\u1ebft b\u1ecb Mobile<\/li>\n<li>M\u1ed9t t\u00ednh n\u0103ng r\u1ea5t kh\u00e1c bi\u1ec7t c\u1ee7a\u00a0CF-WR610N l\u00e0 trang b\u1ecb 1 c\u1ed5ng USB c\u00f3 kh\u1ea3 n\u0103ng s\u1ea1c pin cho \u0111i\u1ec7n tho\u1ea1i ,Ipad v\u00e0 c\u00e1c thi\u1ebft b\u1ecb kh\u00e1c.<\/li>\n<\/ul>\n<p>&nbsp;<\/p>\n<p>Applications: Hotel\/Restaurant\/Theatre\/Exhibition Center\/Bank\/Station\/Office<\/p>\n<p><b>Specifications\u00a0<\/b><br \/>\nModel Number: CF-WR610N<br \/>\nHardware Parameters:<br \/>\nRAM: 64MB<br \/>\nFlash: 16MB<br \/>\n2*2.4G PA: SE2576L<\/p>\n<p><b>RF Parameters\u00a0<\/b><br \/>\nOutput Power(Max): 500mW(27dBm)<br \/>\nReceiving Sensitivity: -97dBm<br \/>\nWorking Frequency:<br \/>\n802.11b\/g\/n: 2.412-2.4835GHz<br \/>\nTransmission Rate: up to 300Mbps<\/p>\n<p><b>Physical Ports\u00a0<\/b><br \/>\n1* 10M\/100M WAN Port<br \/>\n4* 10M\/100M LAN Port<br \/>\n1* USB 2.0<br \/>\n1* Reset Button<br \/>\n1* DC Power Port<br \/>\nAntenna: External 2* 7dBi Fixed Antennas<br \/>\nPower Adapter: DC12V 1.5A<br \/>\nSize: 180*130*20mm<br \/>\nWeight: 290g<\/p>\n<p><b>Packing List:\u00a0<\/b><br \/>\n1* CF-WR610N Wireless Router<br \/>\n1* Power Adapter<br \/>\n1* 5 Feet Network Cable<br \/>\n1* Instructional CD<br \/>\n1* Warranty Card<\/p>\n<p><img decoding=\"async\" loading=\"lazy\" class=\"aligncenter size-full wp-image-149\" src=\"http:\/\/rennell.local\/wp-content\/uploads\/2017\/12\/CF-WR610N-5.jpg\" alt=\"\" width=\"900\" height=\"477\" srcset=\"https:\/\/atlantel.com.kh\/wp-content\/uploads\/2017\/12\/CF-WR610N-5.jpg 900w, https:\/\/atlantel.com.kh\/wp-content\/uploads\/2017\/12\/CF-WR610N-5-300x159.jpg 300w, https:\/\/atlantel.com.kh\/wp-content\/uploads\/2017\/12\/CF-WR610N-5-768x407.jpg 768w\" sizes=\"(max-width: 900px) 100vw, 900px\" \/> <img decoding=\"async\" loading=\"lazy\" class=\"aligncenter size-full wp-image-150\" src=\"http:\/\/rennell.local\/wp-content\/uploads\/2017\/12\/CF-WR610N-6.jpg\" alt=\"\" width=\"900\" height=\"690\" srcset=\"https:\/\/atlantel.com.kh\/wp-content\/uploads\/2017\/12\/CF-WR610N-6.jpg 900w, https:\/\/atlantel.com.kh\/wp-content\/uploads\/2017\/12\/CF-WR610N-6-300x230.jpg 300w, https:\/\/atlantel.com.kh\/wp-content\/uploads\/2017\/12\/CF-WR610N-6-768x589.jpg 768w\" sizes=\"(max-width: 900px) 100vw, 900px\" \/> <img decoding=\"async\" loading=\"lazy\" class=\"aligncenter size-full wp-image-151\" src=\"http:\/\/rennell.local\/wp-content\/uploads\/2017\/12\/CF-WR610N-7.jpg\" alt=\"\" width=\"900\" height=\"949\" srcset=\"https:\/\/atlantel.com.kh\/wp-content\/uploads\/2017\/12\/CF-WR610N-7.jpg 900w, https:\/\/atlantel.com.kh\/wp-content\/uploads\/2017\/12\/CF-WR610N-7-300x316.jpg 300w, https:\/\/atlantel.com.kh\/wp-content\/uploads\/2017\/12\/CF-WR610N-7-768x810.jpg 768w\" sizes=\"(max-width: 900px) 100vw, 900px\" \/> <img decoding=\"async\" loading=\"lazy\" class=\"aligncenter size-full wp-image-152\" src=\"http:\/\/rennell.local\/wp-content\/uploads\/2017\/12\/CF-WR610N-8.jpg\" alt=\"\" width=\"900\" height=\"691\" srcset=\"https:\/\/atlantel.com.kh\/wp-content\/uploads\/2017\/12\/CF-WR610N-8.jpg 900w, https:\/\/atlantel.com.kh\/wp-content\/uploads\/2017\/12\/CF-WR610N-8-300x230.jpg 300w, https:\/\/atlantel.com.kh\/wp-content\/uploads\/2017\/12\/CF-WR610N-8-768x590.jpg 768w\" sizes=\"(max-width: 900px) 100vw, 900px\" \/> <img decoding=\"async\" loading=\"lazy\" class=\"aligncenter size-full wp-image-153\" src=\"http:\/\/rennell.local\/wp-content\/uploads\/2017\/12\/CF-WR610N-9.jpg\" alt=\"\" width=\"900\" height=\"754\" srcset=\"https:\/\/atlantel.com.kh\/wp-content\/uploads\/2017\/12\/CF-WR610N-9.jpg 900w, https:\/\/atlantel.com.kh\/wp-content\/uploads\/2017\/12\/CF-WR610N-9-300x251.jpg 300w, https:\/\/atlantel.com.kh\/wp-content\/uploads\/2017\/12\/CF-WR610N-9-768x643.jpg 768w\" sizes=\"(max-width: 900px) 100vw, 900px\" \/> <img decoding=\"async\" loading=\"lazy\" class=\"aligncenter size-full wp-image-154\" src=\"http:\/\/rennell.local\/wp-content\/uploads\/2017\/12\/CF-WR610N-10.jpg\" alt=\"\" width=\"900\" height=\"670\" srcset=\"https:\/\/atlantel.com.kh\/wp-content\/uploads\/2017\/12\/CF-WR610N-10.jpg 900w, https:\/\/atlantel.com.kh\/wp-content\/uploads\/2017\/12\/CF-WR610N-10-300x223.jpg 300w, https:\/\/atlantel.com.kh\/wp-content\/uploads\/2017\/12\/CF-WR610N-10-768x572.jpg 768w\" sizes=\"(max-width: 900px) 100vw, 900px\" \/> <img decoding=\"async\" loading=\"lazy\" class=\"aligncenter size-full wp-image-155\" src=\"http:\/\/rennell.local\/wp-content\/uploads\/2017\/12\/CF-WR610N-11.jpg\" alt=\"\" width=\"900\" height=\"698\" srcset=\"https:\/\/atlantel.com.kh\/wp-content\/uploads\/2017\/12\/CF-WR610N-11.jpg 900w, https:\/\/atlantel.com.kh\/wp-content\/uploads\/2017\/12\/CF-WR610N-11-300x233.jpg 300w, https:\/\/atlantel.com.kh\/wp-content\/uploads\/2017\/12\/CF-WR610N-11-768x596.jpg 768w\" sizes=\"(max-width: 900px) 100vw, 900px\" \/> <img decoding=\"async\" loading=\"lazy\" class=\"aligncenter size-full wp-image-156\" src=\"http:\/\/rennell.local\/wp-content\/uploads\/2017\/12\/CF-WR610N-12.jpg\" alt=\"\" width=\"900\" height=\"800\" srcset=\"https:\/\/atlantel.com.kh\/wp-content\/uploads\/2017\/12\/CF-WR610N-12.jpg 900w, https:\/\/atlantel.com.kh\/wp-content\/uploads\/2017\/12\/CF-WR610N-12-300x267.jpg 300w, https:\/\/atlantel.com.kh\/wp-content\/uploads\/2017\/12\/CF-WR610N-12-768x683.jpg 768w\" sizes=\"(max-width: 900px) 100vw, 900px\" \/><\/p>","protected":false},"excerpt":{"rendered":"<ul class=\"a-unordered-list a-vertical a-spacing-none\">\n<li><span class=\"a-list-item\">Qualcomm CPU QCA9531, RAM: 64MB, Flash 16MB, Transmission rate up to 300Mbps<\/span><\/li>\n<li><span class=\"a-list-item\">Support AC Management Founction &amp; Cloud Management Platform, Support OpenWRT OS<\/span><\/li>\n<li><span class=\"a-list-item\">Watchdog Technology: It can do self-repairing and self-restart when device is dead<\/span><\/li>\n<li><span class=\"a-list-item\">It supports multiple SSID, you can setup multiple SSID for different rooms or areas<\/span><\/li>\n<li><span class=\"a-list-item\">Applications: Hotel\/Restaurant\/Theatre\/Exhibition Center\/Bank\/Station\/Office<\/span><\/li>\n<\/ul>\n","protected":false},"featured_media":145,"comment_status":"open","ping_status":"closed","template":"","meta":{"_mi_skip_tracking":false,"_exactmetrics_sitenote_active":false,"_exactmetrics_sitenote_note":"","_exactmetrics_sitenote_category":0},"_links":{"self":[{"href":"https:\/\/atlantel.com.kh\/index.php?rest_route=\/wp\/v2\/product\/144"}],"collection":[{"href":"https:\/\/atlantel.com.kh\/index.php?rest_route=\/wp\/v2\/product"}],"about":[{"href":"https:\/\/atlantel.com.kh\/index.php?rest_route=\/wp\/v2\/types\/product"}],"replies":[{"embeddable":true,"href":"https:\/\/atlantel.com.kh\/index.php?rest_route=%2Fwp%2Fv2%2Fcomments&post=144"}],"wp:featuredmedia":[{"embeddable":true,"href":"https:\/\/atlantel.com.kh\/index.php?rest_route=\/wp\/v2\/media\/145"}],"wp:attachment":[{"href":"https:\/\/atlantel.com.kh\/index.php?rest_route=%2Fwp%2Fv2%2Fmedia&parent=144"}],"curies":[{"name":"wp","href":"https:\/\/api.w.org\/{rel}","templated":true}]}}