{"id":1050,"date":"2019-04-23T14:52:20","date_gmt":"2019-04-23T07:52:20","guid":{"rendered":"http:\/\/atlantel.com.kh\/?post_type=product&#038;p=1050"},"modified":"2019-05-31T13:16:55","modified_gmt":"2019-05-31T06:16:55","slug":"comfast-poe-switch-8-port-cf-sg181p-gigabite","status":"publish","type":"product","link":"https:\/\/atlantel.com.kh\/?product=comfast-poe-switch-8-port-cf-sg181p-gigabite","title":{"rendered":"Comfast POE switch 8 port CF-SG181P Gigabite"},"content":{"rendered":"<ul>\n<li>8 ports of 10\/100\/1000Mbps RJ45<\/li>\n<li>Gigabit ports, ensure hight\u00a0 speed data tranmission<\/li>\n<li>8 ports PoE power supply<\/li>\n<li>Compatible with the 802.af\/at standard<\/li>\n<li>Support power output management<\/li>\n<li>Automatic detection PD devices<\/li>\n<li>Support 2.000 Mac adress ,Auto learning and updates<\/li>\n<li>Indicators monitoring working status and help with fault analysis<\/li>\n<li>Support IEEE 802.3az ,IEEE 802.3x<\/li>\n<\/ul>\n<p><img decoding=\"async\" loading=\"lazy\" class=\"aligncenter size-full wp-image-1052\" src=\"http:\/\/atlantel.com.kh\/wp-content\/uploads\/2019\/04\/Untitled.png\" alt=\"\" width=\"957\" height=\"815\" srcset=\"https:\/\/atlantel.com.kh\/wp-content\/uploads\/2019\/04\/Untitled.png 957w, https:\/\/atlantel.com.kh\/wp-content\/uploads\/2019\/04\/Untitled-300x255.png 300w, https:\/\/atlantel.com.kh\/wp-content\/uploads\/2019\/04\/Untitled-768x654.png 768w\" sizes=\"(max-width: 957px) 100vw, 957px\" \/><\/p>\n<p><img decoding=\"async\" loading=\"lazy\" class=\"aligncenter size-full wp-image-1053\" src=\"http:\/\/atlantel.com.kh\/wp-content\/uploads\/2019\/04\/thongso.jpg\" alt=\"\" width=\"960\" height=\"1144\" srcset=\"https:\/\/atlantel.com.kh\/wp-content\/uploads\/2019\/04\/thongso.jpg 960w, https:\/\/atlantel.com.kh\/wp-content\/uploads\/2019\/04\/thongso-300x358.jpg 300w, https:\/\/atlantel.com.kh\/wp-content\/uploads\/2019\/04\/thongso-768x915.jpg 768w\" sizes=\"(max-width: 960px) 100vw, 960px\" \/><\/p>\n<p>&nbsp;<\/p>\n<p>&nbsp;<\/p>\n","protected":false},"excerpt":{"rendered":"<ul>\n<li>8 c\u1ed5ng RJ45 10\/100\/1000Mbps<\/li>\n<li>V\u1edbi Gigabit port, \u0111\u1ea3m b\u1ea3o vi\u1ec7c truy\u1ec1n d\u1eabn t\u1ed1c \u0111\u1ed9 cao<\/li>\n<li>8 c\u1ed5ng cung c\u1ea5p ngu\u1ed3n POE<\/li>\n<li>T\u01b0\u01a1ng th\u00edch v\u1edbi c\u00e1c chu\u1ea9n 802.3af\/at<\/li>\n<li>C\u00f3 h\u1ec7 th\u1ed1ng c\u1ea3nh b\u00e1o \u0111\u00e8n t\u00edn hi\u1ec7u<\/li>\n<li>Thi\u1ebft k\u1ebf m\u1ecfng g\u1ecdn, c\u00f3 gi\u00e1 \u0111\u1ee1<\/li>\n<li>CF-SG181P d\u1ec5 d\u00e0ng c\u00e0i \u0111\u1eb7t, kh\u00f4ng c\u1ea7n config, plug, play.<\/li>\n<li>H\u1ed7 tr\u1ee3 2000 Mac address, t\u1ef1 \u0111\u1ed9ng c\u1eadp nh\u1eadt<\/li>\n<\/ul>\n","protected":false},"featured_media":1052,"comment_status":"open","ping_status":"closed","template":"","meta":{"_mi_skip_tracking":false,"_exactmetrics_sitenote_active":false,"_exactmetrics_sitenote_note":"","_exactmetrics_sitenote_category":0},"_links":{"self":[{"href":"https:\/\/atlantel.com.kh\/index.php?rest_route=\/wp\/v2\/product\/1050"}],"collection":[{"href":"https:\/\/atlantel.com.kh\/index.php?rest_route=\/wp\/v2\/product"}],"about":[{"href":"https:\/\/atlantel.com.kh\/index.php?rest_route=\/wp\/v2\/types\/product"}],"replies":[{"embeddable":true,"href":"https:\/\/atlantel.com.kh\/index.php?rest_route=%2Fwp%2Fv2%2Fcomments&post=1050"}],"wp:featuredmedia":[{"embeddable":true,"href":"https:\/\/atlantel.com.kh\/index.php?rest_route=\/wp\/v2\/media\/1052"}],"wp:attachment":[{"href":"https:\/\/atlantel.com.kh\/index.php?rest_route=%2Fwp%2Fv2%2Fmedia&parent=1050"}],"curies":[{"name":"wp","href":"https:\/\/api.w.org\/{rel}","templated":true}]}}