{"id":1047,"date":"2019-04-23T14:27:51","date_gmt":"2019-04-23T07:27:51","guid":{"rendered":"http:\/\/atlantel.com.kh\/?post_type=product&#038;p=1047"},"modified":"2019-05-31T12:10:44","modified_gmt":"2019-05-31T05:10:44","slug":"switch-poe-8-port-10100m","status":"publish","type":"product","link":"https:\/\/atlantel.com.kh\/?product=switch-poe-8-port-10100m","title":{"rendered":"Switch PoE 8 port 10\/100M"},"content":{"rendered":"<p><strong>Switch c\u1ea5p ngu\u1ed3n POE<\/strong>\u00a0ng\u00e0y c\u00e0ng \u0111\u01b0\u1ee3c s\u1eed d\u1ee5ng ph\u1ed5 bi\u1ebfn v\u00e0 r\u1ed9ng r\u00e3i. N\u00f3 \u0110\u01b0\u1ee3c bi\u1ebft \u0111\u1ebfn l\u00e0 m\u1ed9t thi\u1ebft b\u1ecb \u0111a n\u0103ng v\u1edbi s\u1ef1 th\u00edch \u1ee9ng tuy\u1ec7t v\u1eddi v\u1edbi nhi\u1ec1u lo\u1ea1i thi\u1ebft b\u1ecb. Cho d\u00f9 b\u1ea1n \u0111ang c\u1ea7n cung c\u1ea5p \u0111i\u1ec7n n\u0103ng, truy\u1ec1n t\u1ea3i d\u1eef li\u1ec7u cho nh\u1eefng thi\u1ebft b\u1ecb n\u1ed1i m\u1ea1ng hay s\u1eed d\u1ee5ng IP \u0111\u1ec1u c\u00f3 th\u1ec3 th\u1ef1c hi\u1ec7n \u0111\u01b0\u1ee3c v\u1edbi duy nh\u1ea5t m\u1ed9t \u0111\u01b0\u1eddng truy\u1ec1n tr\u00ean POE. V\u00ec \u0111i\u1ec1u n\u00e0y b\u1ea1n c\u00f3 th\u1ec3 tho\u1ea3i m\u00e1i b\u1ed1 tr\u00ed c\u00e1c thi\u1ebft b\u1ecb ph\u1ee5c v\u1ee5 cho nhu c\u1ea7u l\u00e0m vi\u1ec7c c\u1ee7a m\u00ecnh m\u00e0 kh\u00f4ng ng\u1ea1i \u0111\u1ebfn vi\u1ec7c d\u00e2y d\u1eabn ch\u1eb1ng ch\u1ecbt hay s\u1ef1 c\u1ea3n tr\u1edf chia s\u1ebb th\u00f4ng tin.<\/p>\n<p><strong>Switch POE\u00a0 Rennell c\u00f3 th\u1ec3 cung c\u1ea5p Full 8 port PoE cho h\u1ec7 th\u1ed1ng camera\u00a0<\/strong><\/p>\n<ul>\n<li>8 c\u1ed5ng POE10\/100M chu\u1ea9n RJ45<\/li>\n<li>2 c\u1ed5ng Uplink 1000M<\/li>\n<li>Chu\u1ea9n IEEE802.3aff<\/li>\n<li>C\u00f4ng su\u1ea5t 15.4W m\u1ed7i port, t\u1ed5ng 120W<\/li>\n<li>Power: AC100-240V 50\/60Hz<\/li>\n<li>Kho\u1ea3ng c\u00e1ch truy\u1ec1n d\u1eabn v\u1edbi Cat 5e \u0111\u1ea1t 100m<img decoding=\"async\" loading=\"lazy\" class=\"aligncenter size-full wp-image-1048\" src=\"http:\/\/atlantel.com.kh\/wp-content\/uploads\/2019\/04\/a7b0b18d48d0ad8ef4c1.jpg\" alt=\"\" width=\"1280\" height=\"289\" srcset=\"https:\/\/atlantel.com.kh\/wp-content\/uploads\/2019\/04\/a7b0b18d48d0ad8ef4c1.jpg 1280w, https:\/\/atlantel.com.kh\/wp-content\/uploads\/2019\/04\/a7b0b18d48d0ad8ef4c1-300x68.jpg 300w, https:\/\/atlantel.com.kh\/wp-content\/uploads\/2019\/04\/a7b0b18d48d0ad8ef4c1-768x173.jpg 768w\" sizes=\"(max-width: 1280px) 100vw, 1280px\" \/><img decoding=\"async\" loading=\"lazy\" class=\"aligncenter size-full wp-image-1049\" src=\"http:\/\/atlantel.com.kh\/wp-content\/uploads\/2019\/04\/6111983a61678439dd76.jpg\" alt=\"\" width=\"1280\" height=\"622\" srcset=\"https:\/\/atlantel.com.kh\/wp-content\/uploads\/2019\/04\/6111983a61678439dd76.jpg 1280w, https:\/\/atlantel.com.kh\/wp-content\/uploads\/2019\/04\/6111983a61678439dd76-300x146.jpg 300w, https:\/\/atlantel.com.kh\/wp-content\/uploads\/2019\/04\/6111983a61678439dd76-768x373.jpg 768w\" sizes=\"(max-width: 1280px) 100vw, 1280px\" \/><\/li>\n<\/ul>\n<p><\/p>","protected":false},"excerpt":{"rendered":"<p>&nbsp;<\/p>\n<ul>\n<li>8 c\u1ed5ng POE10\/100M chu\u1ea9n RJ45<\/li>\n<li>2 c\u1ed5ng Uplink 1000M<\/li>\n<li>Chu\u1ea9n IEEE802.3aff<\/li>\n<li>C\u00f4ng su\u1ea5t 15.4W m\u1ed7i port, t\u1ed5ng 120W<\/li>\n<li>Power: AC100-240V 50\/60Hz<\/li>\n<li>Kho\u1ea3ng c\u00e1ch truy\u1ec1n d\u1eabn v\u1edbi Cat 5e \u0111\u1ea1t 100m<\/li>\n<\/ul>\n","protected":false},"featured_media":1048,"comment_status":"open","ping_status":"closed","template":"","meta":{"_mi_skip_tracking":false,"_exactmetrics_sitenote_active":false,"_exactmetrics_sitenote_note":"","_exactmetrics_sitenote_category":0},"_links":{"self":[{"href":"https:\/\/atlantel.com.kh\/index.php?rest_route=\/wp\/v2\/product\/1047"}],"collection":[{"href":"https:\/\/atlantel.com.kh\/index.php?rest_route=\/wp\/v2\/product"}],"about":[{"href":"https:\/\/atlantel.com.kh\/index.php?rest_route=\/wp\/v2\/types\/product"}],"replies":[{"embeddable":true,"href":"https:\/\/atlantel.com.kh\/index.php?rest_route=%2Fwp%2Fv2%2Fcomments&post=1047"}],"wp:featuredmedia":[{"embeddable":true,"href":"https:\/\/atlantel.com.kh\/index.php?rest_route=\/wp\/v2\/media\/1048"}],"wp:attachment":[{"href":"https:\/\/atlantel.com.kh\/index.php?rest_route=%2Fwp%2Fv2%2Fmedia&parent=1047"}],"curies":[{"name":"wp","href":"https:\/\/api.w.org\/{rel}","templated":true}]}}