{"id":1036,"date":"2019-04-20T10:50:46","date_gmt":"2019-04-20T03:50:46","guid":{"rendered":"http:\/\/atlantel.com.kh\/?post_type=product&#038;p=1036"},"modified":"2019-05-31T13:11:49","modified_gmt":"2019-05-31T06:11:49","slug":"bo-phat-wifi-outdoor-cong-suat-cao-comfast-cf-ew72","status":"publish","type":"product","link":"https:\/\/atlantel.com.kh\/?product=bo-phat-wifi-outdoor-cong-suat-cao-comfast-cf-ew72","title":{"rendered":"B\u1ed9 ph\u00e1t Wifi Outdoor C\u00f4ng su\u1ea5t cao Comfast CF-EW72"},"content":{"rendered":"<p><\/p>\n<p class=\"style6\">Comfast CF-EW72 l\u00e0 thi\u1ebft b\u1ecb thu ph\u00e1t wifi chuy\u00ean d\u1ee5ng d\u00f9ng l\u1eafp \u0111\u1eb7t ngo\u00e0i tr\u1eddi v\u1edbi kh\u1ea3 n\u0103ng ch\u1ed1ng ch\u1ecbu m\u00f4i tr\u01b0\u1eddng kh\u1eafc nghi\u1ec7t khi v\u1eadn h\u00e0nh. Thi\u1ebft b\u1ecb ph\u00e1t wifi chu\u1ea9n 802.11b\/g\/n\/an\/ac t\u0103ng t\u1ed1c b\u0103ng th\u00f4ng ph\u00e1t l\u00ean \u0111\u1ebfn 1200Mbps b\u0103ng t\u1ea7n k\u00e9p 2.4GHz (300Mbps) v\u00e0 5GHz (900Mbps),C\u00f3 2 c\u1ed5ng LAN\/WAN h\u1ed7 tr\u1ee3 c\u1ea5p ngu\u1ed3n PoE\u00a0 v\u1edbi 02 chipset Qualcomm m\u1ea1nh m\u1ebd v\u00e0 2 \u0103nten thu ph\u00e1t chuy\u00ean d\u1ee5ng c\u00f3 c\u00f4ng su\u1ea5t 500mW(27dBm)<\/p>\n<p class=\"style6\">Comfast CF-EW72 \u0111\u01b0\u1ee3c b\u1ea3o v\u1ec7 b\u1eb1ng v\u1ecf nh\u1ef1a ABS kh\u00f4ng th\u1ea5m n\u01b0\u1edbc, b\u00e1m b\u1ee5i v\u00e0 \u00e1nh n\u1eafng tr\u1ef1c ti\u1ebfp, b\u1ea3o v\u1ec7 thi\u1ebft b\u1ecb v\u1eadn h\u00e0nh trong m\u00f4i tr\u01b0\u1eddng kh\u1eafc nghi\u1ec7t c\u00f3 nhi\u1ec7t cao, \u1ea9m \u01b0\u1edbt ngo\u00e0i tr\u1eddi.<\/p>\n<p class=\"style6\">Comfast CF-EW72 h\u1ed7 tr\u1ee3 c\u1ed5ng PoE 802.3at\/af (48V) cho ph\u00e9p c\u1ea5p ngu\u1ed3n v\u00e0 d\u1eef li\u1ec7u tr\u00ean c\u00f9ng m\u1ed9t \u0111\u01b0\u1eddng c\u00e1p RJ45 gi\u00fap vi\u1ec7c tri\u1ec3n khai gi\u1ea3i ph\u00e1p v\u00e0 thi\u1ebft b\u1ecb linh ho\u1ea1t, ti\u1ec7n l\u1ee3i v\u00e0 an to\u00e0n cho b\u1ea5t k\u1ef3 h\u1ea1 t\u1ea7ng d\u1ef1 \u00e1n n\u00e0o. Ngo\u00e0i ra v\u1edbi \u0111\u00e8n b\u00e1o t\u00edn hi\u1ec7u LED gi\u00fap vi\u1ec7c kh\u1ea3o s\u00e1t, l\u1eafp \u0111\u1eb7t thi\u1ebft b\u1ecb thu\u1eadn ti\u1ec7n nhanh ch\u00f3ng ti\u1ebft ki\u1ec7m chi ph\u00ed v\u00e0 nh\u00e2n l\u1ef1c.<\/p>\n<p class=\"style6\">Comfast CF-EW72 l\u00e0 l\u1ef1a ch\u1ecdn t\u1ed1t nh\u1ea5t cho vi\u1ec7c ph\u1ee7 wifi ngo\u00e0i tr\u1eddi nh\u01b0: S\u00e2n Golf, resort, b\u00e3i bi\u1ec3n, khu du l\u1ecbch, s\u00e2n bay, khu c\u00f4ng nghi\u1ec7p v\u00e0 c\u00e1c khu v\u1ef1c ngo\u00e0i tr\u1eddi c\u00f3 di\u1ec7n t\u00edch l\u1edbn.<\/p>\n<p>B\u1ea3ng th\u00f4ng s\u1ed1 k\u1ef9 thu\u1eadt :<\/p>\n<p><img decoding=\"async\" loading=\"lazy\" class=\"aligncenter size-full wp-image-1037\" src=\"http:\/\/atlantel.com.kh\/wp-content\/uploads\/2019\/04\/201809100950077607.jpg\" alt=\"\" width=\"960\" height=\"1594\" srcset=\"https:\/\/atlantel.com.kh\/wp-content\/uploads\/2019\/04\/201809100950077607.jpg 960w, https:\/\/atlantel.com.kh\/wp-content\/uploads\/2019\/04\/201809100950077607-300x498.jpg 300w, https:\/\/atlantel.com.kh\/wp-content\/uploads\/2019\/04\/201809100950077607-768x1275.jpg 768w\" sizes=\"(max-width: 960px) 100vw, 960px\" \/><\/p>\n<p>M\u1ed9t s\u1ed1 \u0111\u1eb7c t\u1ea3 h\u1ea5p d\u1eabn kh\u00e1c<\/p>\n<p><img decoding=\"async\" loading=\"lazy\" class=\"aligncenter size-full wp-image-1038\" src=\"http:\/\/atlantel.com.kh\/wp-content\/uploads\/2019\/04\/39bc0b70d60676c3.jpg\" alt=\"\" width=\"960\" height=\"1020\" srcset=\"https:\/\/atlantel.com.kh\/wp-content\/uploads\/2019\/04\/39bc0b70d60676c3.jpg 960w, https:\/\/atlantel.com.kh\/wp-content\/uploads\/2019\/04\/39bc0b70d60676c3-300x319.jpg 300w, https:\/\/atlantel.com.kh\/wp-content\/uploads\/2019\/04\/39bc0b70d60676c3-768x816.jpg 768w\" sizes=\"(max-width: 960px) 100vw, 960px\" \/><img decoding=\"async\" loading=\"lazy\" class=\"aligncenter size-full wp-image-1041\" src=\"http:\/\/atlantel.com.kh\/wp-content\/uploads\/2019\/04\/20181018032555583.jpg\" alt=\"\" width=\"960\" height=\"868\" srcset=\"https:\/\/atlantel.com.kh\/wp-content\/uploads\/2019\/04\/20181018032555583.jpg 960w, https:\/\/atlantel.com.kh\/wp-content\/uploads\/2019\/04\/20181018032555583-300x271.jpg 300w, https:\/\/atlantel.com.kh\/wp-content\/uploads\/2019\/04\/20181018032555583-768x694.jpg 768w\" sizes=\"(max-width: 960px) 100vw, 960px\" \/><img decoding=\"async\" loading=\"lazy\" class=\"aligncenter size-full wp-image-1043\" src=\"http:\/\/atlantel.com.kh\/wp-content\/uploads\/2019\/04\/20181018032555971.jpg\" alt=\"\" width=\"960\" height=\"1217\" srcset=\"https:\/\/atlantel.com.kh\/wp-content\/uploads\/2019\/04\/20181018032555971.jpg 960w, https:\/\/atlantel.com.kh\/wp-content\/uploads\/2019\/04\/20181018032555971-300x380.jpg 300w, https:\/\/atlantel.com.kh\/wp-content\/uploads\/2019\/04\/20181018032555971-768x974.jpg 768w\" sizes=\"(max-width: 960px) 100vw, 960px\" \/><img decoding=\"async\" loading=\"lazy\" class=\"aligncenter size-full wp-image-1044\" src=\"http:\/\/atlantel.com.kh\/wp-content\/uploads\/2019\/04\/20181018032555808.jpg\" alt=\"\" width=\"960\" height=\"972\" srcset=\"https:\/\/atlantel.com.kh\/wp-content\/uploads\/2019\/04\/20181018032555808.jpg 960w, https:\/\/atlantel.com.kh\/wp-content\/uploads\/2019\/04\/20181018032555808-100x100.jpg 100w, https:\/\/atlantel.com.kh\/wp-content\/uploads\/2019\/04\/20181018032555808-300x304.jpg 300w, https:\/\/atlantel.com.kh\/wp-content\/uploads\/2019\/04\/20181018032555808-768x778.jpg 768w\" sizes=\"(max-width: 960px) 100vw, 960px\" \/><img decoding=\"async\" loading=\"lazy\" class=\"aligncenter size-full wp-image-1045\" src=\"http:\/\/atlantel.com.kh\/wp-content\/uploads\/2019\/04\/20181018032555463.jpg\" alt=\"\" width=\"960\" height=\"1230\" srcset=\"https:\/\/atlantel.com.kh\/wp-content\/uploads\/2019\/04\/20181018032555463.jpg 960w, https:\/\/atlantel.com.kh\/wp-content\/uploads\/2019\/04\/20181018032555463-300x384.jpg 300w, https:\/\/atlantel.com.kh\/wp-content\/uploads\/2019\/04\/20181018032555463-768x984.jpg 768w\" sizes=\"(max-width: 960px) 100vw, 960px\" \/><img decoding=\"async\" loading=\"lazy\" class=\"aligncenter size-full wp-image-1046\" src=\"http:\/\/atlantel.com.kh\/wp-content\/uploads\/2019\/04\/20181018032555501.jpg\" alt=\"\" width=\"960\" height=\"1054\" srcset=\"https:\/\/atlantel.com.kh\/wp-content\/uploads\/2019\/04\/20181018032555501.jpg 960w, https:\/\/atlantel.com.kh\/wp-content\/uploads\/2019\/04\/20181018032555501-300x329.jpg 300w, https:\/\/atlantel.com.kh\/wp-content\/uploads\/2019\/04\/20181018032555501-768x843.jpg 768w\" sizes=\"(max-width: 960px) 100vw, 960px\" \/><\/p>\n<p>&nbsp;<\/p>","protected":false},"excerpt":{"rendered":"<p>B\u1ed9 ph\u00e1t Wifi Outdoor chu\u1ea9n AC t\u1ed1c \u0111\u1ed9 1200Mbps ,ch\u1ecbu t\u1ea3i l\u00ean \u0111\u1ebfn 120 Users<\/p>\n","protected":false},"featured_media":1038,"comment_status":"open","ping_status":"closed","template":"","meta":{"_mi_skip_tracking":false,"_exactmetrics_sitenote_active":false,"_exactmetrics_sitenote_note":"","_exactmetrics_sitenote_category":0},"_links":{"self":[{"href":"https:\/\/atlantel.com.kh\/index.php?rest_route=\/wp\/v2\/product\/1036"}],"collection":[{"href":"https:\/\/atlantel.com.kh\/index.php?rest_route=\/wp\/v2\/product"}],"about":[{"href":"https:\/\/atlantel.com.kh\/index.php?rest_route=\/wp\/v2\/types\/product"}],"replies":[{"embeddable":true,"href":"https:\/\/atlantel.com.kh\/index.php?rest_route=%2Fwp%2Fv2%2Fcomments&post=1036"}],"wp:featuredmedia":[{"embeddable":true,"href":"https:\/\/atlantel.com.kh\/index.php?rest_route=\/wp\/v2\/media\/1038"}],"wp:attachment":[{"href":"https:\/\/atlantel.com.kh\/index.php?rest_route=%2Fwp%2Fv2%2Fmedia&parent=1036"}],"curies":[{"name":"wp","href":"https:\/\/api.w.org\/{rel}","templated":true}]}}